{"id":664,"date":"2023-09-05T10:30:22","date_gmt":"2023-09-05T08:30:22","guid":{"rendered":"https:\/\/eventoscreativosluz.com\/?page_id=664"},"modified":"2023-09-09T23:53:14","modified_gmt":"2023-09-09T21:53:14","slug":"maestro-de-ceremonias-almeria","status":"publish","type":"page","link":"https:\/\/eventoscreativosluz.com\/en\/maestro-de-ceremonias-almeria\/","title":{"rendered":"Maestros de ceremonias"},"content":{"rendered":"\t\t<div data-elementor-type=\"wp-page\" data-elementor-id=\"664\" class=\"elementor elementor-664\" data-elementor-post-type=\"page\">\n\t\t\t\t\t\t<section class=\"elementor-section elementor-top-section elementor-element elementor-element-7455ce1e elementor-section-height-min-height elementor-section-items-stretch elementor-section-full_width elementor-section-height-default\" data-id=\"7455ce1e\" data-element_type=\"section\" data-e-type=\"section\" id=\"top\">\n\t\t\t\t\t\t<div class=\"elementor-container elementor-column-gap-default\">\n\t\t\t\t\t<div class=\"elementor-column elementor-col-100 elementor-top-column elementor-element elementor-element-3d66b210\" data-id=\"3d66b210\" data-element_type=\"column\" data-e-type=\"column\" id=\"volver-arriba\" data-settings=\"{&quot;background_background&quot;:&quot;classic&quot;}\">\n\t\t\t<div class=\"elementor-widget-wrap elementor-element-populated\">\n\t\t\t\t\t\t<div class=\"elementor-element elementor-element-7701b497 elementor-widget elementor-widget-spacer\" data-id=\"7701b497\" data-element_type=\"widget\" data-e-type=\"widget\" data-widget_type=\"spacer.default\">\n\t\t\t\t<div class=\"elementor-widget-container\">\n\t\t\t\t\t\t\t<div class=\"elementor-spacer\">\n\t\t\t<div class=\"elementor-spacer-inner\"><\/div>\n\t\t<\/div>\n\t\t\t\t\t\t<\/div>\n\t\t\t\t<\/div>\n\t\t\t\t\t<\/div>\n\t\t<\/div>\n\t\t\t\t\t<\/div>\n\t\t<\/section>\n\t\t\t\t<section class=\"elementor-section elementor-top-section elementor-element elementor-element-4eb01d25 elementor-section-height-min-height elementor-section-boxed elementor-section-height-default elementor-section-items-middle\" data-id=\"4eb01d25\" data-element_type=\"section\" data-e-type=\"section\" id=\"tailormade\">\n\t\t\t\t\t\t<div class=\"elementor-container elementor-column-gap-default\">\n\t\t\t\t\t<div class=\"elementor-column elementor-col-100 elementor-top-column elementor-element elementor-element-1865c8e9\" data-id=\"1865c8e9\" data-element_type=\"column\" data-e-type=\"column\">\n\t\t\t<div class=\"elementor-widget-wrap elementor-element-populated\">\n\t\t\t\t\t\t<div class=\"elementor-element elementor-element-283712a8 elementor-widget elementor-widget-heading\" data-id=\"283712a8\" data-element_type=\"widget\" data-e-type=\"widget\" data-widget_type=\"heading.default\">\n\t\t\t\t<div class=\"elementor-widget-container\">\n\t\t\t\t\t<h1 class=\"elementor-heading-title elementor-size-default\">MAESTROS DE CEREMONIAS<\/h1>\t\t\t\t<\/div>\n\t\t\t\t<\/div>\n\t\t\t\t<div class=\"elementor-element elementor-element-515d908b elementor-widget elementor-widget-text-editor\" data-id=\"515d908b\" data-element_type=\"widget\" data-e-type=\"widget\" data-widget_type=\"text-editor.default\">\n\t\t\t\t<div class=\"elementor-widget-container\">\n\t\t\t\t\t\t\t\t\t<p>\u00a1Eleva la calidad y el impacto de tu pr\u00f3ximo evento con los servicios de nuestro talentoso Maestro de Ceremonias!<\/p><p>En Eventos Creativos Luz entendemos que cada evento es especial y \u00fanico. Nuestros Maestros de Ceremonias est\u00e1 listo para asumir el papel de anfitri\u00f3n excepcional que coordinar\u00e1, animar\u00e1 y dar\u00e1 vida a tu ocasi\u00f3n de manera inolvidable.<\/p>\t\t\t\t\t\t\t\t<\/div>\n\t\t\t\t<\/div>\n\t\t\t\t<div class=\"elementor-element elementor-element-ec0df81 elementor-align-center elementor-widget elementor-widget-button\" data-id=\"ec0df81\" data-element_type=\"widget\" data-e-type=\"widget\" data-widget_type=\"button.default\">\n\t\t\t\t<div class=\"elementor-widget-container\">\n\t\t\t\t\t\t\t\t\t<div class=\"elementor-button-wrapper\">\n\t\t\t\t\t<a class=\"elementor-button elementor-button-link elementor-size-md\" href=\"https:\/\/eventoscreativosluz.com\/contacto-organizador-eventos-almeria\/\">\n\t\t\t\t\t\t<span class=\"elementor-button-content-wrapper\">\n\t\t\t\t\t\t\t\t\t<span class=\"elementor-button-text\">haznos tu consulta<\/span>\n\t\t\t\t\t<\/span>\n\t\t\t\t\t<\/a>\n\t\t\t\t<\/div>\n\t\t\t\t\t\t\t\t<\/div>\n\t\t\t\t<\/div>\n\t\t\t\t\t<\/div>\n\t\t<\/div>\n\t\t\t\t\t<\/div>\n\t\t<\/section>\n\t\t\t\t<section class=\"elementor-section elementor-top-section elementor-element elementor-element-5b5b040b elementor-section-height-min-height elementor-section-boxed elementor-section-height-default elementor-section-items-middle\" data-id=\"5b5b040b\" data-element_type=\"section\" data-e-type=\"section\">\n\t\t\t\t\t\t<div class=\"elementor-container elementor-column-gap-default\">\n\t\t\t\t\t<div class=\"elementor-column elementor-col-100 elementor-top-column elementor-element elementor-element-68ebeca6\" data-id=\"68ebeca6\" data-element_type=\"column\" data-e-type=\"column\">\n\t\t\t<div class=\"elementor-widget-wrap elementor-element-populated\">\n\t\t\t\t\t\t<section class=\"elementor-section elementor-inner-section elementor-element elementor-element-254379ea elementor-section-content-middle elementor-reverse-mobile elementor-section-height-min-height elementor-section-boxed elementor-section-height-default\" data-id=\"254379ea\" data-element_type=\"section\" data-e-type=\"section\">\n\t\t\t\t\t\t<div class=\"elementor-container elementor-column-gap-default\">\n\t\t\t\t\t<div class=\"elementor-column elementor-col-50 elementor-inner-column elementor-element elementor-element-1d8cb133\" data-id=\"1d8cb133\" data-element_type=\"column\" data-e-type=\"column\" data-settings=\"{&quot;motion_fx_motion_fx_scrolling&quot;:&quot;yes&quot;,&quot;motion_fx_translateX_effect&quot;:&quot;yes&quot;,&quot;motion_fx_translateX_direction&quot;:&quot;negative&quot;,&quot;motion_fx_translateX_speed&quot;:{&quot;unit&quot;:&quot;px&quot;,&quot;size&quot;:&quot;0.5&quot;,&quot;sizes&quot;:[]},&quot;motion_fx_devices&quot;:[&quot;desktop&quot;],&quot;motion_fx_translateX_affectedRange&quot;:{&quot;unit&quot;:&quot;%&quot;,&quot;size&quot;:&quot;&quot;,&quot;sizes&quot;:{&quot;start&quot;:0,&quot;end&quot;:100}}}\">\n\t\t\t<div class=\"elementor-widget-wrap elementor-element-populated\">\n\t\t\t\t\t\t<div class=\"elementor-element elementor-element-5edfd4e9 elementor-widget elementor-widget-heading\" data-id=\"5edfd4e9\" data-element_type=\"widget\" data-e-type=\"widget\" data-widget_type=\"heading.default\">\n\t\t\t\t<div class=\"elementor-widget-container\">\n\t\t\t\t\t<h2 class=\"elementor-heading-title elementor-size-default\">coordinaci\u00f3n maestra<\/h2>\t\t\t\t<\/div>\n\t\t\t\t<\/div>\n\t\t\t\t<div class=\"elementor-element elementor-element-127ab8aa elementor-widget elementor-widget-text-editor\" data-id=\"127ab8aa\" data-element_type=\"widget\" data-e-type=\"widget\" data-widget_type=\"text-editor.default\">\n\t\t\t\t<div class=\"elementor-widget-container\">\n\t\t\t\t\t\t\t\t\t<p>Haz que tu evento sea inolvidable y sin complicaciones con la ayuda de nuestro Maestro de Ceremonias. Desde la apertura hasta el cierre, \u00e9l se encargar\u00e1 de que cada detalle est\u00e9 en su lugar, permiti\u00e9ndote disfrutar al m\u00e1ximo de tu evento.<\/p>\t\t\t\t\t\t\t\t<\/div>\n\t\t\t\t<\/div>\n\t\t\t\t<div class=\"elementor-element elementor-element-1676e178 elementor-widget elementor-widget-text-editor\" data-id=\"1676e178\" data-element_type=\"widget\" data-e-type=\"widget\" data-widget_type=\"text-editor.default\">\n\t\t\t\t<div class=\"elementor-widget-container\">\n\t\t\t\t\t\t\t\t\t<p>Nuestro Maestro de Ceremonias es un experto en mantener el evento en movimiento sin contratiempos. Desde el inicio hasta el final, se encargar\u00e1 de gestionar el cronograma, coordinar a los participantes clave y asegurarse de que cada parte del evento se desarrolle con fluidez.<br>Sea cual sea el tipo de evento que est\u00e1s planeando, desde una boda elegante hasta una conferencia corporativa o una gala ben\u00e9fica, nuestro MC se adapta a la ocasi\u00f3n con gracia y profesionalismo, asegurando que se cumplan todas tus expectativas.<\/p>\t\t\t\t\t\t\t\t<\/div>\n\t\t\t\t<\/div>\n\t\t\t\t\t<\/div>\n\t\t<\/div>\n\t\t\t\t<div class=\"elementor-column elementor-col-50 elementor-inner-column elementor-element elementor-element-55f4d8ca\" data-id=\"55f4d8ca\" data-element_type=\"column\" data-e-type=\"column\" data-settings=\"{&quot;background_background&quot;:&quot;classic&quot;}\">\n\t\t\t<div class=\"elementor-widget-wrap elementor-element-populated\">\n\t\t\t\t\t\t<div class=\"elementor-element elementor-element-4525e762 elementor-widget elementor-widget-spacer\" data-id=\"4525e762\" data-element_type=\"widget\" data-e-type=\"widget\" data-widget_type=\"spacer.default\">\n\t\t\t\t<div class=\"elementor-widget-container\">\n\t\t\t\t\t\t\t<div class=\"elementor-spacer\">\n\t\t\t<div class=\"elementor-spacer-inner\"><\/div>\n\t\t<\/div>\n\t\t\t\t\t\t<\/div>\n\t\t\t\t<\/div>\n\t\t\t\t\t<\/div>\n\t\t<\/div>\n\t\t\t\t\t<\/div>\n\t\t<\/section>\n\t\t\t\t<section class=\"elementor-section elementor-inner-section elementor-element elementor-element-67317b89 elementor-section-content-middle elementor-section-height-min-height elementor-section-boxed elementor-section-height-default\" data-id=\"67317b89\" data-element_type=\"section\" data-e-type=\"section\">\n\t\t\t\t\t\t<div class=\"elementor-container elementor-column-gap-default\">\n\t\t\t\t\t<div class=\"elementor-column elementor-col-50 elementor-inner-column elementor-element elementor-element-142a97ac\" data-id=\"142a97ac\" data-element_type=\"column\" data-e-type=\"column\" data-settings=\"{&quot;background_background&quot;:&quot;classic&quot;,&quot;motion_fx_motion_fx_scrolling&quot;:&quot;yes&quot;,&quot;motion_fx_devices&quot;:[&quot;desktop&quot;,&quot;tablet&quot;,&quot;mobile&quot;]}\">\n\t\t\t<div class=\"elementor-widget-wrap elementor-element-populated\">\n\t\t\t\t\t\t<div class=\"elementor-element elementor-element-40ffdfd1 elementor-widget elementor-widget-spacer\" data-id=\"40ffdfd1\" data-element_type=\"widget\" data-e-type=\"widget\" data-widget_type=\"spacer.default\">\n\t\t\t\t<div class=\"elementor-widget-container\">\n\t\t\t\t\t\t\t<div class=\"elementor-spacer\">\n\t\t\t<div class=\"elementor-spacer-inner\"><\/div>\n\t\t<\/div>\n\t\t\t\t\t\t<\/div>\n\t\t\t\t<\/div>\n\t\t\t\t\t<\/div>\n\t\t<\/div>\n\t\t\t\t<div class=\"elementor-column elementor-col-50 elementor-inner-column elementor-element elementor-element-442dc8bf\" data-id=\"442dc8bf\" data-element_type=\"column\" data-e-type=\"column\" data-settings=\"{&quot;motion_fx_motion_fx_scrolling&quot;:&quot;yes&quot;,&quot;motion_fx_translateX_effect&quot;:&quot;yes&quot;,&quot;motion_fx_translateX_speed&quot;:{&quot;unit&quot;:&quot;px&quot;,&quot;size&quot;:&quot;0.5&quot;,&quot;sizes&quot;:[]},&quot;motion_fx_devices&quot;:[&quot;desktop&quot;],&quot;motion_fx_translateX_affectedRange&quot;:{&quot;unit&quot;:&quot;%&quot;,&quot;size&quot;:&quot;&quot;,&quot;sizes&quot;:{&quot;start&quot;:0,&quot;end&quot;:100}}}\">\n\t\t\t<div class=\"elementor-widget-wrap elementor-element-populated\">\n\t\t\t\t\t\t<div class=\"elementor-element elementor-element-25a32e39 elementor-widget elementor-widget-heading\" data-id=\"25a32e39\" data-element_type=\"widget\" data-e-type=\"widget\" data-widget_type=\"heading.default\">\n\t\t\t\t<div class=\"elementor-widget-container\">\n\t\t\t\t\t<h2 class=\"elementor-heading-title elementor-size-default\">Mucho m\u00e1s que un simple organizador<\/h2>\t\t\t\t<\/div>\n\t\t\t\t<\/div>\n\t\t\t\t<div class=\"elementor-element elementor-element-36ac5772 elementor-widget elementor-widget-text-editor\" data-id=\"36ac5772\" data-element_type=\"widget\" data-e-type=\"widget\" data-widget_type=\"text-editor.default\">\n\t\t\t\t<div class=\"elementor-widget-container\">\n\t\t\t\t\t\t\t\t\t<p>Nuestro Maestro de Ceremonias no solo es un conductor eficiente, sino tambi\u00e9n un animador experto. Mantendr\u00e1 a la audiencia comprometida y emocionada, interactuando con ellos y creando un ambiente positivo que har\u00e1 que todos se sientan parte de la experiencia.<\/p>\t\t\t\t\t\t\t\t<\/div>\n\t\t\t\t<\/div>\n\t\t\t\t<div class=\"elementor-element elementor-element-7835e44b elementor-widget elementor-widget-text-editor\" data-id=\"7835e44b\" data-element_type=\"widget\" data-e-type=\"widget\" data-widget_type=\"text-editor.default\">\n\t\t\t\t<div class=\"elementor-widget-container\">\n\t\t\t\t\t\t\t\t\t<p>Tu evento merece un toque de distinci\u00f3n, y nuestro MC se encargar\u00e1 de ello. Desde el reconocimiento de patrocinadores y donantes hasta la presentaci\u00f3n de premios y agradecimientos especiales, nuestro MC har\u00e1 que cada momento importante se sienta verdaderamente significativo.<\/p>\t\t\t\t\t\t\t\t<\/div>\n\t\t\t\t<\/div>\n\t\t\t\t\t<\/div>\n\t\t<\/div>\n\t\t\t\t\t<\/div>\n\t\t<\/section>\n\t\t\t\t\t<\/div>\n\t\t<\/div>\n\t\t\t\t\t<\/div>\n\t\t<\/section>\n\t\t\t\t<section class=\"elementor-section elementor-top-section elementor-element elementor-element-0df2fc0 elementor-section-boxed elementor-section-height-default elementor-section-height-default\" data-id=\"0df2fc0\" data-element_type=\"section\" data-e-type=\"section\">\n\t\t\t\t\t\t<div class=\"elementor-container elementor-column-gap-default\">\n\t\t\t\t\t<div class=\"elementor-column elementor-col-100 elementor-top-column elementor-element elementor-element-4ea0c7d\" data-id=\"4ea0c7d\" data-element_type=\"column\" data-e-type=\"column\">\n\t\t\t<div class=\"elementor-widget-wrap elementor-element-populated\">\n\t\t\t\t\t\t<div class=\"elementor-element elementor-element-2d59a74 elementor-align-center elementor-widget elementor-widget-button\" data-id=\"2d59a74\" data-element_type=\"widget\" data-e-type=\"widget\" data-widget_type=\"button.default\">\n\t\t\t\t<div class=\"elementor-widget-container\">\n\t\t\t\t\t\t\t\t\t<div class=\"elementor-button-wrapper\">\n\t\t\t\t\t<a class=\"elementor-button elementor-button-link elementor-size-md\" href=\"https:\/\/eventoscreativosluz.com\/contacto-organizador-eventos-almeria\/\">\n\t\t\t\t\t\t<span class=\"elementor-button-content-wrapper\">\n\t\t\t\t\t\t\t\t\t<span class=\"elementor-button-text\">haznos tu consulta<\/span>\n\t\t\t\t\t<\/span>\n\t\t\t\t\t<\/a>\n\t\t\t\t<\/div>\n\t\t\t\t\t\t\t\t<\/div>\n\t\t\t\t<\/div>\n\t\t\t\t<div class=\"elementor-element elementor-element-f2178c9 elementor-widget elementor-widget-spacer\" data-id=\"f2178c9\" data-element_type=\"widget\" data-e-type=\"widget\" data-widget_type=\"spacer.default\">\n\t\t\t\t<div class=\"elementor-widget-container\">\n\t\t\t\t\t\t\t<div class=\"elementor-spacer\">\n\t\t\t<div class=\"elementor-spacer-inner\"><\/div>\n\t\t<\/div>\n\t\t\t\t\t\t<\/div>\n\t\t\t\t<\/div>\n\t\t\t\t\t<\/div>\n\t\t<\/div>\n\t\t\t\t\t<\/div>\n\t\t<\/section>\n\t\t\t\t<section class=\"elementor-section elementor-top-section elementor-element elementor-element-15b90c2 elementor-section-boxed elementor-section-height-default elementor-section-height-default\" data-id=\"15b90c2\" data-element_type=\"section\" data-e-type=\"section\">\n\t\t\t\t\t\t<div class=\"elementor-container elementor-column-gap-default\">\n\t\t\t\t\t<div class=\"elementor-column elementor-col-100 elementor-top-column elementor-element elementor-element-d437ab0\" data-id=\"d437ab0\" data-element_type=\"column\" data-e-type=\"column\">\n\t\t\t<div class=\"elementor-widget-wrap elementor-element-populated\">\n\t\t\t\t\t\t<div class=\"elementor-element elementor-element-e1d7084 elementor-align-center elementor-widget__width-auto elementor-fixed elementor-hidden-desktop elementor-mobile-align-center elementor-widget-mobile__width-initial elementor-hidden-tablet elementor-icon-list--layout-traditional elementor-list-item-link-full_width elementor-widget elementor-widget-icon-list\" data-id=\"e1d7084\" data-element_type=\"widget\" data-e-type=\"widget\" data-settings=\"{&quot;_position&quot;:&quot;fixed&quot;}\" data-widget_type=\"icon-list.default\">\n\t\t\t\t<div class=\"elementor-widget-container\">\n\t\t\t\t\t\t\t<ul class=\"elementor-icon-list-items\">\n\t\t\t\t\t\t\t<li class=\"elementor-icon-list-item\">\n\t\t\t\t\t\t\t\t\t\t\t<a href=\"tel:\/\/661626236\">\n\n\t\t\t\t\t\t\t\t\t\t\t\t<span class=\"elementor-icon-list-icon\">\n\t\t\t\t\t\t\t<i aria-hidden=\"true\" class=\"fas fa-phone-volume\"><\/i>\t\t\t\t\t\t<\/span>\n\t\t\t\t\t\t\t\t\t\t<span class=\"elementor-icon-list-text\"><\/span>\n\t\t\t\t\t\t\t\t\t\t\t<\/a>\n\t\t\t\t\t\t\t\t\t<\/li>\n\t\t\t\t\t\t\t\t<li class=\"elementor-icon-list-item\">\n\t\t\t\t\t\t\t\t\t\t\t<a href=\"https:\/\/wa.me\/661626236?text=Hola,%20quiero%20informaci\u00f3n%20sobre%20eventos\">\n\n\t\t\t\t\t\t\t\t\t\t\t\t<span class=\"elementor-icon-list-icon\">\n\t\t\t\t\t\t\t<i aria-hidden=\"true\" class=\"fab fa-whatsapp\"><\/i>\t\t\t\t\t\t<\/span>\n\t\t\t\t\t\t\t\t\t\t<span class=\"elementor-icon-list-text\"><\/span>\n\t\t\t\t\t\t\t\t\t\t\t<\/a>\n\t\t\t\t\t\t\t\t\t<\/li>\n\t\t\t\t\t\t\t\t<li class=\"elementor-icon-list-item\">\n\t\t\t\t\t\t\t\t\t\t\t<a href=\"#volver-arriba\">\n\n\t\t\t\t\t\t\t\t\t\t\t\t<span class=\"elementor-icon-list-icon\">\n\t\t\t\t\t\t\t<i aria-hidden=\"true\" class=\"fas fa-chevron-up\"><\/i>\t\t\t\t\t\t<\/span>\n\t\t\t\t\t\t\t\t\t\t<span class=\"elementor-icon-list-text\"><\/span>\n\t\t\t\t\t\t\t\t\t\t\t<\/a>\n\t\t\t\t\t\t\t\t\t<\/li>\n\t\t\t\t\t\t<\/ul>\n\t\t\t\t\t\t<\/div>\n\t\t\t\t<\/div>\n\t\t\t\t\t<\/div>\n\t\t<\/div>\n\t\t\t\t\t<\/div>\n\t\t<\/section>\n\t\t\t\t<\/div>\n\t\t","protected":false},"excerpt":{"rendered":"<p>MAESTROS DE CEREMONIAS \u00a1Eleva la calidad y el impacto de tu pr\u00f3ximo evento con los servicios de nuestro talentoso Maestro de Ceremonias! En Eventos Creativos Luz entendemos que cada evento es especial y \u00fanico. Nuestros Maestros de Ceremonias est\u00e1 listo para asumir el papel de anfitri\u00f3n excepcional que coordinar\u00e1, animar\u00e1 y dar\u00e1 vida a tu [&hellip;]<\/p>\n","protected":false},"author":7,"featured_media":826,"parent":0,"menu_order":0,"comment_status":"closed","ping_status":"closed","template":"elementor_header_footer","meta":{"footnotes":""},"class_list":["post-664","page","type-page","status-publish","has-post-thumbnail","hentry"],"yoast_head":"<!-- This site is optimized with the Yoast SEO plugin v27.3 - https:\/\/yoast.com\/product\/yoast-seo-wordpress\/ -->\n<title>Maestros de ceremonias - Eventos Creativos Luz<\/title>\n<meta name=\"description\" content=\"\u00a1Asegura el \u00e9xito y la fluidez de tu pr\u00f3ximo evento con los servicios de nuestro experimentado Maestro de Ceremonias!\" \/>\n<meta name=\"robots\" content=\"index, follow, max-snippet:-1, max-image-preview:large, max-video-preview:-1\" \/>\n<link rel=\"canonical\" href=\"https:\/\/eventoscreativosluz.com\/en\/maestro-de-ceremonias-almeria\/\" \/>\n<meta property=\"og:locale\" content=\"en_US\" \/>\n<meta property=\"og:type\" content=\"article\" \/>\n<meta property=\"og:title\" content=\"Maestros de ceremonias - Eventos Creativos Luz\" \/>\n<meta property=\"og:description\" content=\"\u00a1Asegura el \u00e9xito y la fluidez de tu pr\u00f3ximo evento con los servicios de nuestro experimentado Maestro de Ceremonias!\" \/>\n<meta property=\"og:url\" content=\"https:\/\/eventoscreativosluz.com\/en\/maestro-de-ceremonias-almeria\/\" \/>\n<meta property=\"og:site_name\" content=\"Eventos Creativos Luz\" \/>\n<meta property=\"article:modified_time\" content=\"2023-09-09T21:53:14+00:00\" \/>\n<meta property=\"og:image\" content=\"https:\/\/eventoscreativosluz.com\/wp-content\/uploads\/organizador-de-eventos-almeria-banner-maestro-ceremonias-1.jpg\" \/>\n\t<meta property=\"og:image:width\" content=\"600\" \/>\n\t<meta property=\"og:image:height\" content=\"400\" \/>\n\t<meta property=\"og:image:type\" content=\"image\/jpeg\" \/>\n<meta name=\"twitter:card\" content=\"summary_large_image\" \/>\n<meta name=\"twitter:label1\" content=\"Est. reading time\" \/>\n\t<meta name=\"twitter:data1\" content=\"2 minutes\" \/>\n<script type=\"application\/ld+json\" class=\"yoast-schema-graph\">{\"@context\":\"https:\\\/\\\/schema.org\",\"@graph\":[{\"@type\":\"WebPage\",\"@id\":\"https:\\\/\\\/eventoscreativosluz.com\\\/maestro-de-ceremonias-almeria\\\/\",\"url\":\"https:\\\/\\\/eventoscreativosluz.com\\\/maestro-de-ceremonias-almeria\\\/\",\"name\":\"Maestros de ceremonias - Eventos Creativos Luz\",\"isPartOf\":{\"@id\":\"https:\\\/\\\/eventoscreativosluz.com\\\/#website\"},\"primaryImageOfPage\":{\"@id\":\"https:\\\/\\\/eventoscreativosluz.com\\\/maestro-de-ceremonias-almeria\\\/#primaryimage\"},\"image\":{\"@id\":\"https:\\\/\\\/eventoscreativosluz.com\\\/maestro-de-ceremonias-almeria\\\/#primaryimage\"},\"thumbnailUrl\":\"https:\\\/\\\/eventoscreativosluz.com\\\/wp-content\\\/uploads\\\/organizador-de-eventos-almeria-banner-maestro-ceremonias-1.jpg\",\"datePublished\":\"2023-09-05T08:30:22+00:00\",\"dateModified\":\"2023-09-09T21:53:14+00:00\",\"description\":\"\u00a1Asegura el \u00e9xito y la fluidez de tu pr\u00f3ximo evento con los servicios de nuestro experimentado Maestro de Ceremonias!\",\"breadcrumb\":{\"@id\":\"https:\\\/\\\/eventoscreativosluz.com\\\/maestro-de-ceremonias-almeria\\\/#breadcrumb\"},\"inLanguage\":\"en-US\",\"potentialAction\":[{\"@type\":\"ReadAction\",\"target\":[\"https:\\\/\\\/eventoscreativosluz.com\\\/maestro-de-ceremonias-almeria\\\/\"]}]},{\"@type\":\"ImageObject\",\"inLanguage\":\"en-US\",\"@id\":\"https:\\\/\\\/eventoscreativosluz.com\\\/maestro-de-ceremonias-almeria\\\/#primaryimage\",\"url\":\"https:\\\/\\\/eventoscreativosluz.com\\\/wp-content\\\/uploads\\\/organizador-de-eventos-almeria-banner-maestro-ceremonias-1.jpg\",\"contentUrl\":\"https:\\\/\\\/eventoscreativosluz.com\\\/wp-content\\\/uploads\\\/organizador-de-eventos-almeria-banner-maestro-ceremonias-1.jpg\",\"width\":600,\"height\":400},{\"@type\":\"BreadcrumbList\",\"@id\":\"https:\\\/\\\/eventoscreativosluz.com\\\/maestro-de-ceremonias-almeria\\\/#breadcrumb\",\"itemListElement\":[{\"@type\":\"ListItem\",\"position\":1,\"name\":\"Portada\",\"item\":\"https:\\\/\\\/eventoscreativosluz.com\\\/\"},{\"@type\":\"ListItem\",\"position\":2,\"name\":\"Maestros de ceremonias\"}]},{\"@type\":\"WebSite\",\"@id\":\"https:\\\/\\\/eventoscreativosluz.com\\\/#website\",\"url\":\"https:\\\/\\\/eventoscreativosluz.com\\\/\",\"name\":\"Eventos Creativos Luz\",\"description\":\"\",\"potentialAction\":[{\"@type\":\"SearchAction\",\"target\":{\"@type\":\"EntryPoint\",\"urlTemplate\":\"https:\\\/\\\/eventoscreativosluz.com\\\/?s={search_term_string}\"},\"query-input\":{\"@type\":\"PropertyValueSpecification\",\"valueRequired\":true,\"valueName\":\"search_term_string\"}}],\"inLanguage\":\"en-US\"}]}<\/script>\n<!-- \/ Yoast SEO plugin. -->","yoast_head_json":{"title":"Maestros de ceremonias - Eventos Creativos Luz","description":"\u00a1Asegura el \u00e9xito y la fluidez de tu pr\u00f3ximo evento con los servicios de nuestro experimentado Maestro de Ceremonias!","robots":{"index":"index","follow":"follow","max-snippet":"max-snippet:-1","max-image-preview":"max-image-preview:large","max-video-preview":"max-video-preview:-1"},"canonical":"https:\/\/eventoscreativosluz.com\/en\/maestro-de-ceremonias-almeria\/","og_locale":"en_US","og_type":"article","og_title":"Maestros de ceremonias - Eventos Creativos Luz","og_description":"\u00a1Asegura el \u00e9xito y la fluidez de tu pr\u00f3ximo evento con los servicios de nuestro experimentado Maestro de Ceremonias!","og_url":"https:\/\/eventoscreativosluz.com\/en\/maestro-de-ceremonias-almeria\/","og_site_name":"Eventos Creativos Luz","article_modified_time":"2023-09-09T21:53:14+00:00","og_image":[{"width":600,"height":400,"url":"https:\/\/eventoscreativosluz.com\/wp-content\/uploads\/organizador-de-eventos-almeria-banner-maestro-ceremonias-1.jpg","type":"image\/jpeg"}],"twitter_card":"summary_large_image","twitter_misc":{"Est. reading time":"2 minutes"},"schema":{"@context":"https:\/\/schema.org","@graph":[{"@type":"WebPage","@id":"https:\/\/eventoscreativosluz.com\/maestro-de-ceremonias-almeria\/","url":"https:\/\/eventoscreativosluz.com\/maestro-de-ceremonias-almeria\/","name":"Maestros de ceremonias - Eventos Creativos Luz","isPartOf":{"@id":"https:\/\/eventoscreativosluz.com\/#website"},"primaryImageOfPage":{"@id":"https:\/\/eventoscreativosluz.com\/maestro-de-ceremonias-almeria\/#primaryimage"},"image":{"@id":"https:\/\/eventoscreativosluz.com\/maestro-de-ceremonias-almeria\/#primaryimage"},"thumbnailUrl":"https:\/\/eventoscreativosluz.com\/wp-content\/uploads\/organizador-de-eventos-almeria-banner-maestro-ceremonias-1.jpg","datePublished":"2023-09-05T08:30:22+00:00","dateModified":"2023-09-09T21:53:14+00:00","description":"\u00a1Asegura el \u00e9xito y la fluidez de tu pr\u00f3ximo evento con los servicios de nuestro experimentado Maestro de Ceremonias!","breadcrumb":{"@id":"https:\/\/eventoscreativosluz.com\/maestro-de-ceremonias-almeria\/#breadcrumb"},"inLanguage":"en-US","potentialAction":[{"@type":"ReadAction","target":["https:\/\/eventoscreativosluz.com\/maestro-de-ceremonias-almeria\/"]}]},{"@type":"ImageObject","inLanguage":"en-US","@id":"https:\/\/eventoscreativosluz.com\/maestro-de-ceremonias-almeria\/#primaryimage","url":"https:\/\/eventoscreativosluz.com\/wp-content\/uploads\/organizador-de-eventos-almeria-banner-maestro-ceremonias-1.jpg","contentUrl":"https:\/\/eventoscreativosluz.com\/wp-content\/uploads\/organizador-de-eventos-almeria-banner-maestro-ceremonias-1.jpg","width":600,"height":400},{"@type":"BreadcrumbList","@id":"https:\/\/eventoscreativosluz.com\/maestro-de-ceremonias-almeria\/#breadcrumb","itemListElement":[{"@type":"ListItem","position":1,"name":"Portada","item":"https:\/\/eventoscreativosluz.com\/"},{"@type":"ListItem","position":2,"name":"Maestros de ceremonias"}]},{"@type":"WebSite","@id":"https:\/\/eventoscreativosluz.com\/#website","url":"https:\/\/eventoscreativosluz.com\/","name":"Eventos Creativos Luz","description":"","potentialAction":[{"@type":"SearchAction","target":{"@type":"EntryPoint","urlTemplate":"https:\/\/eventoscreativosluz.com\/?s={search_term_string}"},"query-input":{"@type":"PropertyValueSpecification","valueRequired":true,"valueName":"search_term_string"}}],"inLanguage":"en-US"}]}},"_links":{"self":[{"href":"https:\/\/eventoscreativosluz.com\/en\/wp-json\/wp\/v2\/pages\/664","targetHints":{"allow":["GET"]}}],"collection":[{"href":"https:\/\/eventoscreativosluz.com\/en\/wp-json\/wp\/v2\/pages"}],"about":[{"href":"https:\/\/eventoscreativosluz.com\/en\/wp-json\/wp\/v2\/types\/page"}],"author":[{"embeddable":true,"href":"https:\/\/eventoscreativosluz.com\/en\/wp-json\/wp\/v2\/users\/7"}],"replies":[{"embeddable":true,"href":"https:\/\/eventoscreativosluz.com\/en\/wp-json\/wp\/v2\/comments?post=664"}],"version-history":[{"count":0,"href":"https:\/\/eventoscreativosluz.com\/en\/wp-json\/wp\/v2\/pages\/664\/revisions"}],"wp:featuredmedia":[{"embeddable":true,"href":"https:\/\/eventoscreativosluz.com\/en\/wp-json\/wp\/v2\/media\/826"}],"wp:attachment":[{"href":"https:\/\/eventoscreativosluz.com\/en\/wp-json\/wp\/v2\/media?parent=664"}],"curies":[{"name":"wp","href":"https:\/\/api.w.org\/{rel}","templated":true}]}}