{"id":468,"date":"2023-08-16T22:32:34","date_gmt":"2023-08-16T20:32:34","guid":{"rendered":"https:\/\/eventoscreativosluz.com\/about\/"},"modified":"2023-09-09T23:52:00","modified_gmt":"2023-09-09T21:52:00","slug":"nosotros-organizador-eventos-almeria","status":"publish","type":"page","link":"https:\/\/eventoscreativosluz.com\/en\/nosotros-organizador-eventos-almeria\/","title":{"rendered":"About Us"},"content":{"rendered":"<div data-elementor-type=\"wp-page\" data-elementor-id=\"468\" class=\"elementor elementor-468\" data-elementor-post-type=\"page\">\n\t\t\t\t\t\t<section class=\"elementor-section elementor-top-section elementor-element elementor-element-12407abb elementor-section-height-min-height elementor-section-items-stretch elementor-section-full_width elementor-section-height-default\" data-id=\"12407abb\" data-element_type=\"section\" data-e-type=\"section\" id=\"top\">\n\t\t\t\t\t\t<div class=\"elementor-container elementor-column-gap-default\">\n\t\t\t\t\t<div class=\"elementor-column elementor-col-100 elementor-top-column elementor-element elementor-element-26693c4f\" data-id=\"26693c4f\" data-element_type=\"column\" data-e-type=\"column\" id=\"volver-arriba\" data-settings=\"{&quot;background_background&quot;:&quot;classic&quot;}\">\n\t\t\t<div class=\"elementor-widget-wrap elementor-element-populated\">\n\t\t\t\t\t\t<div class=\"elementor-element elementor-element-391e862c elementor-widget elementor-widget-heading\" data-id=\"391e862c\" data-element_type=\"widget\" data-e-type=\"widget\" data-widget_type=\"heading.default\">\n\t\t\t\t<div class=\"elementor-widget-container\">\n\t\t\t\t\t<h1 class=\"elementor-heading-title elementor-size-default\">\u00bfQuieres conocer m\u00e1s sobre nuestra empresa de organizaci\u00f3n de eventos?<\/h1>\t\t\t\t<\/div>\n\t\t\t\t<\/div>\n\t\t\t\t\t<\/div>\n\t\t<\/div>\n\t\t\t\t\t<\/div>\n\t\t<\/section>\n\t\t\t\t<section class=\"elementor-section elementor-top-section elementor-element elementor-element-7a9926ad elementor-section-height-min-height elementor-section-boxed elementor-section-height-default elementor-section-items-middle\" data-id=\"7a9926ad\" data-element_type=\"section\" data-e-type=\"section\" id=\"ourgoal\">\n\t\t\t\t\t\t<div class=\"elementor-container elementor-column-gap-default\">\n\t\t\t\t\t<div class=\"elementor-column elementor-col-50 elementor-top-column elementor-element elementor-element-232f6e04\" data-id=\"232f6e04\" data-element_type=\"column\" data-e-type=\"column\">\n\t\t\t<div class=\"elementor-widget-wrap elementor-element-populated\">\n\t\t\t\t\t\t<div class=\"elementor-element elementor-element-6a25e33 elementor-widget elementor-widget-heading\" data-id=\"6a25e33\" data-element_type=\"widget\" data-e-type=\"widget\" data-widget_type=\"heading.default\">\n\t\t\t\t<div class=\"elementor-widget-container\">\n\t\t\t\t\t<p class=\"elementor-heading-title elementor-size-default\">\u201cNuestro objetivo es llevarte el mejor evento para que solo tengas que preocuparte de disfrutarlo\u201d<\/p>\t\t\t\t<\/div>\n\t\t\t\t<\/div>\n\t\t\t\t\t<\/div>\n\t\t<\/div>\n\t\t\t\t<div class=\"elementor-column elementor-col-50 elementor-top-column elementor-element elementor-element-9b5926d\" data-id=\"9b5926d\" data-element_type=\"column\" data-e-type=\"column\">\n\t\t\t<div class=\"elementor-widget-wrap elementor-element-populated\">\n\t\t\t\t\t\t<div class=\"elementor-element elementor-element-4a2dd412 elementor-widget elementor-widget-text-editor\" data-id=\"4a2dd412\" data-element_type=\"widget\" data-e-type=\"widget\" data-widget_type=\"text-editor.default\">\n\t\t\t\t<div class=\"elementor-widget-container\">\n\t\t\t\t\t\t\t\t\t<p>En Eventos Creativos Luz, nos enorgullece dar vida a tus sue\u00f1os y convertirlos en experiencias memorables. Ya sea una boda elegante, una fiesta de cumplea\u00f1os emocionante, una conferencia corporativa o cualquier otro tipo de evento, estamos aqu\u00ed para hacerlo realidad con estilo y creatividad.<\/p><p>Nuestro equipo de expertos en eventos est\u00e1 compuesto por apasionados profesionales que se dedican a convertir tus ideas en una realidad impresionante. Desde la planificaci\u00f3n meticulosa hasta la ejecuci\u00f3n impecable, cuidamos cada detalle para garantizar que tu evento sea \u00fanico y excepcional.<\/p><p>Lo que nos diferencia es nuestra dedicaci\u00f3n a la creatividad y la personalizaci\u00f3n. Trabajamos de cerca contigo para comprender tus deseos, necesidades y visiones. Luego, combinamos nuestra experiencia y pasi\u00f3n por los eventos para crear momentos que superen tus expectativas.<\/p><p>En Eventos Creativos Luz, cada evento es una obra maestra en s\u00ed misma. Nos esforzamos por capturar la esencia de lo que deseas lograr y darle vida con un toque de innovaci\u00f3n y estilo.<\/p><p>Si est\u00e1s buscando una empresa de organizaci\u00f3n de eventos en Almer\u00eda que se preocupe tanto por tu evento como t\u00fa, no busques m\u00e1s. Estamos listos para llevar tu evento al siguiente nivel y hacer que sea inolvidable para ti y tus invitados.<\/p>\t\t\t\t\t\t\t\t<\/div>\n\t\t\t\t<\/div>\n\t\t\t\t\t<\/div>\n\t\t<\/div>\n\t\t\t\t\t<\/div>\n\t\t<\/section>\n\t\t\t\t<section class=\"elementor-section elementor-top-section elementor-element elementor-element-226e4948 elementor-section-height-min-height elementor-section-boxed elementor-section-height-default elementor-section-items-middle\" data-id=\"226e4948\" data-element_type=\"section\" data-e-type=\"section\">\n\t\t\t\t\t\t<div class=\"elementor-container elementor-column-gap-default\">\n\t\t\t\t\t<div class=\"elementor-column elementor-col-100 elementor-top-column elementor-element elementor-element-2c3837c5\" data-id=\"2c3837c5\" data-element_type=\"column\" data-e-type=\"column\">\n\t\t\t<div class=\"elementor-widget-wrap elementor-element-populated\">\n\t\t\t\t\t\t<section class=\"elementor-section elementor-inner-section elementor-element elementor-element-548e763c elementor-section-content-middle elementor-reverse-mobile elementor-section-height-min-height elementor-section-boxed elementor-section-height-default\" data-id=\"548e763c\" data-element_type=\"section\" data-e-type=\"section\">\n\t\t\t\t\t\t<div class=\"elementor-container elementor-column-gap-default\">\n\t\t\t\t\t<div class=\"elementor-column elementor-col-50 elementor-inner-column elementor-element elementor-element-50f4c2e7\" data-id=\"50f4c2e7\" data-element_type=\"column\" data-e-type=\"column\">\n\t\t\t<div class=\"elementor-widget-wrap elementor-element-populated\">\n\t\t\t\t\t\t<div class=\"elementor-element elementor-element-46140ad elementor-widget elementor-widget-heading\" data-id=\"46140ad\" data-element_type=\"widget\" data-e-type=\"widget\" data-widget_type=\"heading.default\">\n\t\t\t\t<div class=\"elementor-widget-container\">\n\t\t\t\t\t<h3 class=\"elementor-heading-title elementor-size-default\">mariluz negrillo<\/h3>\t\t\t\t<\/div>\n\t\t\t\t<\/div>\n\t\t\t\t<div class=\"elementor-element elementor-element-65a6ed39 elementor-widget elementor-widget-text-editor\" data-id=\"65a6ed39\" data-element_type=\"widget\" data-e-type=\"widget\" data-widget_type=\"text-editor.default\">\n\t\t\t\t<div class=\"elementor-widget-container\">\n\t\t\t\t\t\t\t\t\t<p>fUNDADORA &amp; DIRECTORA CREATIVA<\/p>\t\t\t\t\t\t\t\t<\/div>\n\t\t\t\t<\/div>\n\t\t\t\t<div class=\"elementor-element elementor-element-62795b09 elementor-widget elementor-widget-text-editor\" data-id=\"62795b09\" data-element_type=\"widget\" data-e-type=\"widget\" data-widget_type=\"text-editor.default\">\n\t\t\t\t<div class=\"elementor-widget-container\">\n\t\t\t\t\t\t\t\t\t<p>Artista vocacional, siempre me he empe\u00f1ado en trabajar en lo que amo. \u00bfPor qu\u00e9? \u201cTrabaja en lo que amas, y no tendr\u00e1s que trabajar nunca m\u00e1s en la vida\u201d, reza el dicho.<\/p><p>As\u00ed, me gustaba cantar y me hice cantante, me gustaba hacer deporte y me hice monitora de gym, me encantaban los eventos, y me li\u00e9 la manta a la cabeza en el 2017\u2026 \u00a1Qu\u00e9 me gusta un \u201csarao\u201d!<\/p><p><br \/>Compaginado siempre con constante formaci\u00f3n en Londres; diplomada en Turismo y Master en Gesti\u00f3n de Eventos. Cursos varios de protocolo y wedding planner por la escuela Internacional de Protocolo de Granada. Adem\u00e1s, fui 7 a\u00f1os Coordinadora de Eventos en varias cadenas hoteleras como Barcel\u00f3 y Elba.<\/p><p><br \/>Adoro empatizar y aportar momentos y d\u00edas felices a la gente con mi trabajo: ya sea a trav\u00e9s de la m\u00fasica o preparando y organizando el evento. No hay mayor motivaci\u00f3n para m\u00ed que la sonrisa y satisfacci\u00f3n de un cliente al que he ayudado a crear uno de los mejores d\u00edas de su vida.<\/p><p>Soy una llorona\u2026 pero suelo emocionarme s\u00f3lo de alegr\u00eda\u2026<\/p>\t\t\t\t\t\t\t\t<\/div>\n\t\t\t\t<\/div>\n\t\t\t\t<div class=\"elementor-element elementor-element-e7e3721 elementor-align-center elementor-widget elementor-widget-button\" data-id=\"e7e3721\" data-element_type=\"widget\" data-e-type=\"widget\" data-widget_type=\"button.default\">\n\t\t\t\t<div class=\"elementor-widget-container\">\n\t\t\t\t\t\t\t\t\t<div class=\"elementor-button-wrapper\">\n\t\t\t\t\t<a class=\"elementor-button elementor-button-link elementor-size-md\" href=\"https:\/\/eventoscreativosluz.com\/en\/contacto-organizador-eventos-almeria\/\">\n\t\t\t\t\t\t<span class=\"elementor-button-content-wrapper\">\n\t\t\t\t\t\t\t\t\t<span class=\"elementor-button-text\">haznos tu consulta<\/span>\n\t\t\t\t\t<\/span>\n\t\t\t\t\t<\/a>\n\t\t\t\t<\/div>\n\t\t\t\t\t\t\t\t<\/div>\n\t\t\t\t<\/div>\n\t\t\t\t\t<\/div>\n\t\t<\/div>\n\t\t\t\t<div class=\"elementor-column elementor-col-50 elementor-inner-column elementor-element elementor-element-25ad92aa\" data-id=\"25ad92aa\" data-element_type=\"column\" data-e-type=\"column\" data-settings=\"{&quot;background_background&quot;:&quot;classic&quot;}\">\n\t\t\t<div class=\"elementor-widget-wrap elementor-element-populated\">\n\t\t\t\t\t\t<div class=\"elementor-element elementor-element-7fc95886 elementor-widget elementor-widget-spacer\" data-id=\"7fc95886\" data-element_type=\"widget\" data-e-type=\"widget\" data-widget_type=\"spacer.default\">\n\t\t\t\t<div class=\"elementor-widget-container\">\n\t\t\t\t\t\t\t<div class=\"elementor-spacer\">\n\t\t\t<div class=\"elementor-spacer-inner\"><\/div>\n\t\t<\/div>\n\t\t\t\t\t\t<\/div>\n\t\t\t\t<\/div>\n\t\t\t\t\t<\/div>\n\t\t<\/div>\n\t\t\t\t\t<\/div>\n\t\t<\/section>\n\t\t\t\t\t<\/div>\n\t\t<\/div>\n\t\t\t\t\t<\/div>\n\t\t<\/section>\n\t\t\t\t<section class=\"elementor-section elementor-top-section elementor-element elementor-element-cb1cb22 elementor-section-boxed elementor-section-height-default elementor-section-height-default\" data-id=\"cb1cb22\" data-element_type=\"section\" data-e-type=\"section\">\n\t\t\t\t\t\t<div class=\"elementor-container elementor-column-gap-default\">\n\t\t\t\t\t<div class=\"elementor-column elementor-col-100 elementor-top-column elementor-element elementor-element-eac88cc\" data-id=\"eac88cc\" data-element_type=\"column\" data-e-type=\"column\">\n\t\t\t<div class=\"elementor-widget-wrap elementor-element-populated\">\n\t\t\t\t\t\t<div class=\"elementor-element elementor-element-3397477 elementor-align-center elementor-widget__width-auto elementor-fixed elementor-hidden-desktop elementor-mobile-align-center elementor-widget-mobile__width-initial elementor-hidden-tablet elementor-icon-list--layout-traditional elementor-list-item-link-full_width elementor-widget elementor-widget-icon-list\" data-id=\"3397477\" data-element_type=\"widget\" data-e-type=\"widget\" data-settings=\"{&quot;_position&quot;:&quot;fixed&quot;}\" data-widget_type=\"icon-list.default\">\n\t\t\t\t<div class=\"elementor-widget-container\">\n\t\t\t\t\t\t\t<ul class=\"elementor-icon-list-items\">\n\t\t\t\t\t\t\t<li class=\"elementor-icon-list-item\">\n\t\t\t\t\t\t\t\t\t\t\t<a href=\"tel:\/\/661626236\">\n\n\t\t\t\t\t\t\t\t\t\t\t\t<span class=\"elementor-icon-list-icon\">\n\t\t\t\t\t\t\t<i aria-hidden=\"true\" class=\"fas fa-phone-volume\"><\/i>\t\t\t\t\t\t<\/span>\n\t\t\t\t\t\t\t\t\t\t<span class=\"elementor-icon-list-text\"><\/span>\n\t\t\t\t\t\t\t\t\t\t\t<\/a>\n\t\t\t\t\t\t\t\t\t<\/li>\n\t\t\t\t\t\t\t\t<li class=\"elementor-icon-list-item\">\n\t\t\t\t\t\t\t\t\t\t\t<a href=\"https:\/\/wa.me\/661626236?text=Hola,%20quiero%20informaci\u00f3n%20sobre%20eventos\">\n\n\t\t\t\t\t\t\t\t\t\t\t\t<span class=\"elementor-icon-list-icon\">\n\t\t\t\t\t\t\t<i aria-hidden=\"true\" class=\"fab fa-whatsapp\"><\/i>\t\t\t\t\t\t<\/span>\n\t\t\t\t\t\t\t\t\t\t<span class=\"elementor-icon-list-text\"><\/span>\n\t\t\t\t\t\t\t\t\t\t\t<\/a>\n\t\t\t\t\t\t\t\t\t<\/li>\n\t\t\t\t\t\t\t\t<li class=\"elementor-icon-list-item\">\n\t\t\t\t\t\t\t\t\t\t\t<a href=\"#volver-arriba\">\n\n\t\t\t\t\t\t\t\t\t\t\t\t<span class=\"elementor-icon-list-icon\">\n\t\t\t\t\t\t\t<i aria-hidden=\"true\" class=\"fas fa-chevron-up\"><\/i>\t\t\t\t\t\t<\/span>\n\t\t\t\t\t\t\t\t\t\t<span class=\"elementor-icon-list-text\"><\/span>\n\t\t\t\t\t\t\t\t\t\t\t<\/a>\n\t\t\t\t\t\t\t\t\t<\/li>\n\t\t\t\t\t\t<\/ul>\n\t\t\t\t\t\t<\/div>\n\t\t\t\t<\/div>\n\t\t\t\t\t<\/div>\n\t\t<\/div>\n\t\t\t\t\t<\/div>\n\t\t<\/section>\n\t\t\t\t<\/div>","protected":false},"excerpt":{"rendered":"<p>\u00bfQuieres conocer m\u00e1s sobre nuestra empresa de organizaci\u00f3n de eventos? \u201cNuestro objetivo es llevarte el mejor evento para que solo tengas que preocuparte de disfrutarlo\u201d En Eventos Creativos Luz, nos enorgullece dar vida a tus sue\u00f1os y convertirlos en experiencias memorables. Ya sea una boda elegante, una fiesta de cumplea\u00f1os emocionante, una conferencia corporativa o [&hellip;]<\/p>\n","protected":false},"author":7,"featured_media":725,"parent":0,"menu_order":0,"comment_status":"closed","ping_status":"closed","template":"elementor_header_footer","meta":{"footnotes":""},"class_list":["post-468","page","type-page","status-publish","has-post-thumbnail","hentry"],"yoast_head":"<!-- This site is optimized with the Yoast SEO plugin v27.3 - https:\/\/yoast.com\/product\/yoast-seo-wordpress\/ -->\n<title>Nosotros - Eventos Creativos Luz<\/title>\n<meta name=\"description\" content=\"En Eventos Creativos Luz llevamos a\u00f1os haciendo realidad las vivencias so\u00f1adas por nuestros clientes. \u00a1No pierdas la ocasi\u00f3n de vivirlas t\u00fa!\" \/>\n<meta name=\"robots\" content=\"index, follow, max-snippet:-1, max-image-preview:large, max-video-preview:-1\" \/>\n<link rel=\"canonical\" href=\"https:\/\/eventoscreativosluz.com\/en\/nosotros-organizador-eventos-almeria\/\" \/>\n<meta property=\"og:locale\" content=\"en_US\" \/>\n<meta property=\"og:type\" content=\"article\" \/>\n<meta property=\"og:title\" content=\"Nosotros - Eventos Creativos Luz\" \/>\n<meta property=\"og:description\" content=\"En Eventos Creativos Luz llevamos a\u00f1os haciendo realidad las vivencias so\u00f1adas por nuestros clientes. \u00a1No pierdas la ocasi\u00f3n de vivirlas t\u00fa!\" \/>\n<meta property=\"og:url\" content=\"https:\/\/eventoscreativosluz.com\/en\/nosotros-organizador-eventos-almeria\/\" \/>\n<meta property=\"og:site_name\" content=\"Eventos Creativos Luz\" \/>\n<meta property=\"article:modified_time\" content=\"2023-09-09T21:52:00+00:00\" \/>\n<meta property=\"og:image\" content=\"https:\/\/eventoscreativosluz.com\/wp-content\/uploads\/organizador-de-eventos-almeria-imagen-de-lema-tres.jpg\" \/>\n\t<meta property=\"og:image:width\" content=\"600\" \/>\n\t<meta property=\"og:image:height\" content=\"400\" \/>\n\t<meta property=\"og:image:type\" content=\"image\/jpeg\" \/>\n<meta name=\"twitter:card\" content=\"summary_large_image\" \/>\n<meta name=\"twitter:label1\" content=\"Est. reading time\" \/>\n\t<meta name=\"twitter:data1\" content=\"2 minutes\" \/>\n<script type=\"application\/ld+json\" class=\"yoast-schema-graph\">{\"@context\":\"https:\\\/\\\/schema.org\",\"@graph\":[{\"@type\":\"WebPage\",\"@id\":\"https:\\\/\\\/eventoscreativosluz.com\\\/nosotros-organizador-eventos-almeria\\\/\",\"url\":\"https:\\\/\\\/eventoscreativosluz.com\\\/nosotros-organizador-eventos-almeria\\\/\",\"name\":\"Nosotros - Eventos Creativos Luz\",\"isPartOf\":{\"@id\":\"https:\\\/\\\/eventoscreativosluz.com\\\/#website\"},\"primaryImageOfPage\":{\"@id\":\"https:\\\/\\\/eventoscreativosluz.com\\\/nosotros-organizador-eventos-almeria\\\/#primaryimage\"},\"image\":{\"@id\":\"https:\\\/\\\/eventoscreativosluz.com\\\/nosotros-organizador-eventos-almeria\\\/#primaryimage\"},\"thumbnailUrl\":\"https:\\\/\\\/eventoscreativosluz.com\\\/wp-content\\\/uploads\\\/organizador-de-eventos-almeria-imagen-de-lema-tres.jpg\",\"datePublished\":\"2023-08-16T20:32:34+00:00\",\"dateModified\":\"2023-09-09T21:52:00+00:00\",\"description\":\"En Eventos Creativos Luz llevamos a\u00f1os haciendo realidad las vivencias so\u00f1adas por nuestros clientes. \u00a1No pierdas la ocasi\u00f3n de vivirlas t\u00fa!\",\"breadcrumb\":{\"@id\":\"https:\\\/\\\/eventoscreativosluz.com\\\/nosotros-organizador-eventos-almeria\\\/#breadcrumb\"},\"inLanguage\":\"en-US\",\"potentialAction\":[{\"@type\":\"ReadAction\",\"target\":[\"https:\\\/\\\/eventoscreativosluz.com\\\/nosotros-organizador-eventos-almeria\\\/\"]}]},{\"@type\":\"ImageObject\",\"inLanguage\":\"en-US\",\"@id\":\"https:\\\/\\\/eventoscreativosluz.com\\\/nosotros-organizador-eventos-almeria\\\/#primaryimage\",\"url\":\"https:\\\/\\\/eventoscreativosluz.com\\\/wp-content\\\/uploads\\\/organizador-de-eventos-almeria-imagen-de-lema-tres.jpg\",\"contentUrl\":\"https:\\\/\\\/eventoscreativosluz.com\\\/wp-content\\\/uploads\\\/organizador-de-eventos-almeria-imagen-de-lema-tres.jpg\",\"width\":600,\"height\":400},{\"@type\":\"BreadcrumbList\",\"@id\":\"https:\\\/\\\/eventoscreativosluz.com\\\/nosotros-organizador-eventos-almeria\\\/#breadcrumb\",\"itemListElement\":[{\"@type\":\"ListItem\",\"position\":1,\"name\":\"Portada\",\"item\":\"https:\\\/\\\/eventoscreativosluz.com\\\/\"},{\"@type\":\"ListItem\",\"position\":2,\"name\":\"Nosotros\"}]},{\"@type\":\"WebSite\",\"@id\":\"https:\\\/\\\/eventoscreativosluz.com\\\/#website\",\"url\":\"https:\\\/\\\/eventoscreativosluz.com\\\/\",\"name\":\"Eventos Creativos Luz\",\"description\":\"\",\"potentialAction\":[{\"@type\":\"SearchAction\",\"target\":{\"@type\":\"EntryPoint\",\"urlTemplate\":\"https:\\\/\\\/eventoscreativosluz.com\\\/?s={search_term_string}\"},\"query-input\":{\"@type\":\"PropertyValueSpecification\",\"valueRequired\":true,\"valueName\":\"search_term_string\"}}],\"inLanguage\":\"en-US\"}]}<\/script>\n<!-- \/ Yoast SEO plugin. -->","yoast_head_json":{"title":"Nosotros - Eventos Creativos Luz","description":"En Eventos Creativos Luz llevamos a\u00f1os haciendo realidad las vivencias so\u00f1adas por nuestros clientes. \u00a1No pierdas la ocasi\u00f3n de vivirlas t\u00fa!","robots":{"index":"index","follow":"follow","max-snippet":"max-snippet:-1","max-image-preview":"max-image-preview:large","max-video-preview":"max-video-preview:-1"},"canonical":"https:\/\/eventoscreativosluz.com\/en\/nosotros-organizador-eventos-almeria\/","og_locale":"en_US","og_type":"article","og_title":"Nosotros - Eventos Creativos Luz","og_description":"En Eventos Creativos Luz llevamos a\u00f1os haciendo realidad las vivencias so\u00f1adas por nuestros clientes. \u00a1No pierdas la ocasi\u00f3n de vivirlas t\u00fa!","og_url":"https:\/\/eventoscreativosluz.com\/en\/nosotros-organizador-eventos-almeria\/","og_site_name":"Eventos Creativos Luz","article_modified_time":"2023-09-09T21:52:00+00:00","og_image":[{"width":600,"height":400,"url":"https:\/\/eventoscreativosluz.com\/wp-content\/uploads\/organizador-de-eventos-almeria-imagen-de-lema-tres.jpg","type":"image\/jpeg"}],"twitter_card":"summary_large_image","twitter_misc":{"Est. reading time":"2 minutes"},"schema":{"@context":"https:\/\/schema.org","@graph":[{"@type":"WebPage","@id":"https:\/\/eventoscreativosluz.com\/nosotros-organizador-eventos-almeria\/","url":"https:\/\/eventoscreativosluz.com\/nosotros-organizador-eventos-almeria\/","name":"Nosotros - Eventos Creativos Luz","isPartOf":{"@id":"https:\/\/eventoscreativosluz.com\/#website"},"primaryImageOfPage":{"@id":"https:\/\/eventoscreativosluz.com\/nosotros-organizador-eventos-almeria\/#primaryimage"},"image":{"@id":"https:\/\/eventoscreativosluz.com\/nosotros-organizador-eventos-almeria\/#primaryimage"},"thumbnailUrl":"https:\/\/eventoscreativosluz.com\/wp-content\/uploads\/organizador-de-eventos-almeria-imagen-de-lema-tres.jpg","datePublished":"2023-08-16T20:32:34+00:00","dateModified":"2023-09-09T21:52:00+00:00","description":"En Eventos Creativos Luz llevamos a\u00f1os haciendo realidad las vivencias so\u00f1adas por nuestros clientes. \u00a1No pierdas la ocasi\u00f3n de vivirlas t\u00fa!","breadcrumb":{"@id":"https:\/\/eventoscreativosluz.com\/nosotros-organizador-eventos-almeria\/#breadcrumb"},"inLanguage":"en-US","potentialAction":[{"@type":"ReadAction","target":["https:\/\/eventoscreativosluz.com\/nosotros-organizador-eventos-almeria\/"]}]},{"@type":"ImageObject","inLanguage":"en-US","@id":"https:\/\/eventoscreativosluz.com\/nosotros-organizador-eventos-almeria\/#primaryimage","url":"https:\/\/eventoscreativosluz.com\/wp-content\/uploads\/organizador-de-eventos-almeria-imagen-de-lema-tres.jpg","contentUrl":"https:\/\/eventoscreativosluz.com\/wp-content\/uploads\/organizador-de-eventos-almeria-imagen-de-lema-tres.jpg","width":600,"height":400},{"@type":"BreadcrumbList","@id":"https:\/\/eventoscreativosluz.com\/nosotros-organizador-eventos-almeria\/#breadcrumb","itemListElement":[{"@type":"ListItem","position":1,"name":"Portada","item":"https:\/\/eventoscreativosluz.com\/"},{"@type":"ListItem","position":2,"name":"Nosotros"}]},{"@type":"WebSite","@id":"https:\/\/eventoscreativosluz.com\/#website","url":"https:\/\/eventoscreativosluz.com\/","name":"Eventos Creativos Luz","description":"","potentialAction":[{"@type":"SearchAction","target":{"@type":"EntryPoint","urlTemplate":"https:\/\/eventoscreativosluz.com\/?s={search_term_string}"},"query-input":{"@type":"PropertyValueSpecification","valueRequired":true,"valueName":"search_term_string"}}],"inLanguage":"en-US"}]}},"_links":{"self":[{"href":"https:\/\/eventoscreativosluz.com\/en\/wp-json\/wp\/v2\/pages\/468","targetHints":{"allow":["GET"]}}],"collection":[{"href":"https:\/\/eventoscreativosluz.com\/en\/wp-json\/wp\/v2\/pages"}],"about":[{"href":"https:\/\/eventoscreativosluz.com\/en\/wp-json\/wp\/v2\/types\/page"}],"author":[{"embeddable":true,"href":"https:\/\/eventoscreativosluz.com\/en\/wp-json\/wp\/v2\/users\/7"}],"replies":[{"embeddable":true,"href":"https:\/\/eventoscreativosluz.com\/en\/wp-json\/wp\/v2\/comments?post=468"}],"version-history":[{"count":0,"href":"https:\/\/eventoscreativosluz.com\/en\/wp-json\/wp\/v2\/pages\/468\/revisions"}],"wp:featuredmedia":[{"embeddable":true,"href":"https:\/\/eventoscreativosluz.com\/en\/wp-json\/wp\/v2\/media\/725"}],"wp:attachment":[{"href":"https:\/\/eventoscreativosluz.com\/en\/wp-json\/wp\/v2\/media?parent=468"}],"curies":[{"name":"wp","href":"https:\/\/api.w.org\/{rel}","templated":true}]}}