{"id":455,"date":"2023-08-16T22:32:33","date_gmt":"2023-08-16T20:32:33","guid":{"rendered":"https:\/\/eventoscreativosluz.com\/contact\/"},"modified":"2023-11-14T13:45:42","modified_gmt":"2023-11-14T12:45:42","slug":"contacto-organizador-eventos-almeria","status":"publish","type":"page","link":"https:\/\/eventoscreativosluz.com\/en\/contacto-organizador-eventos-almeria\/","title":{"rendered":"Contact"},"content":{"rendered":"\t\t<div data-elementor-type=\"wp-page\" data-elementor-id=\"455\" class=\"elementor elementor-455\" data-elementor-post-type=\"page\">\n\t\t\t\t\t\t<section class=\"elementor-section elementor-top-section elementor-element elementor-element-5d764995 elementor-section-height-min-height elementor-section-boxed elementor-section-height-default elementor-section-items-middle\" data-id=\"5d764995\" data-element_type=\"section\" data-e-type=\"section\">\n\t\t\t\t\t\t<div class=\"elementor-container elementor-column-gap-default\">\n\t\t\t\t\t<div class=\"elementor-column elementor-col-100 elementor-top-column elementor-element elementor-element-3f163222\" data-id=\"3f163222\" data-element_type=\"column\" data-e-type=\"column\">\n\t\t\t<div class=\"elementor-widget-wrap elementor-element-populated\">\n\t\t\t\t\t\t<div class=\"elementor-element elementor-element-49803f59 elementor-widget elementor-widget-heading\" data-id=\"49803f59\" data-element_type=\"widget\" data-e-type=\"widget\" id=\"volver-arriba\" data-widget_type=\"heading.default\">\n\t\t\t\t<div class=\"elementor-widget-container\">\n\t\t\t\t\t<h1 class=\"elementor-heading-title elementor-size-default\">\u00a1BIENVENIDOS A UN D\u00cdA ABSOLUTAMENTE M\u00c1GICO!<\/h1>\t\t\t\t<\/div>\n\t\t\t\t<\/div>\n\t\t\t\t<div class=\"elementor-element elementor-element-3f74c95 elementor-widget elementor-widget-text-editor\" data-id=\"3f74c95\" data-element_type=\"widget\" data-e-type=\"widget\" data-widget_type=\"text-editor.default\">\n\t\t\t\t<div class=\"elementor-widget-container\">\n\t\t\t\t\t\t\t\t\t<p>Contacta con nosotros y expl\u00edcanos qu\u00e9 quieres para ese d\u00eda tan especial. Nosotros te asesoraremos sobre todas las opciones para hacerlo realidad.<\/p><p>\u00a1No lo dudes m\u00e1s y ll\u00e1manos o escr\u00edbenos un correo para que podamos ayudarte a vivir la fantas\u00eda!<\/p>\t\t\t\t\t\t\t\t<\/div>\n\t\t\t\t<\/div>\n\t\t\t\t\t<\/div>\n\t\t<\/div>\n\t\t\t\t\t<\/div>\n\t\t<\/section>\n\t\t\t\t<section class=\"elementor-section elementor-top-section elementor-element elementor-element-612487f elementor-section-boxed elementor-section-height-default elementor-section-height-default\" data-id=\"612487f\" data-element_type=\"section\" data-e-type=\"section\">\n\t\t\t\t\t\t<div class=\"elementor-container elementor-column-gap-default\">\n\t\t\t\t\t<div class=\"elementor-column elementor-col-50 elementor-top-column elementor-element elementor-element-3e527e6\" data-id=\"3e527e6\" data-element_type=\"column\" data-e-type=\"column\">\n\t\t\t<div class=\"elementor-widget-wrap elementor-element-populated\">\n\t\t\t\t\t\t<div class=\"elementor-element elementor-element-7fc6c9f elementor-widget elementor-widget-heading\" data-id=\"7fc6c9f\" data-element_type=\"widget\" data-e-type=\"widget\" data-widget_type=\"heading.default\">\n\t\t\t\t<div class=\"elementor-widget-container\">\n\t\t\t\t\t<p class=\"elementor-heading-title elementor-size-default\">\u00a1Habla con nosotros!<\/p>\t\t\t\t<\/div>\n\t\t\t\t<\/div>\n\t\t\t\t<div class=\"elementor-element elementor-element-bcee57f elementor-widget elementor-widget-text-editor\" data-id=\"bcee57f\" data-element_type=\"widget\" data-e-type=\"widget\" data-widget_type=\"text-editor.default\">\n\t\t\t\t<div class=\"elementor-widget-container\">\n\t\t\t\t\t\t\t\t\t<p><strong><span style=\"color: #b77f99;\">Tel\u00e9fono:<\/span> 661 626 236<\/strong><\/p><p><strong><span style=\"color: #b77f99;\">Correo: <span style=\"color: #000000;\">info@eventoscreativosluz.com<\/span><\/span><\/strong><\/p>\t\t\t\t\t\t\t\t<\/div>\n\t\t\t\t<\/div>\n\t\t\t\t\t<\/div>\n\t\t<\/div>\n\t\t\t\t<div class=\"elementor-column elementor-col-50 elementor-top-column elementor-element elementor-element-ff6d895\" data-id=\"ff6d895\" data-element_type=\"column\" data-e-type=\"column\">\n\t\t\t<div class=\"elementor-widget-wrap elementor-element-populated\">\n\t\t\t\t\t\t<div class=\"elementor-element elementor-element-d2b7910 elementor-align-center elementor-widget__width-auto elementor-fixed elementor-hidden-desktop elementor-mobile-align-center elementor-widget-mobile__width-initial elementor-hidden-tablet elementor-icon-list--layout-traditional elementor-list-item-link-full_width elementor-widget elementor-widget-icon-list\" data-id=\"d2b7910\" data-element_type=\"widget\" data-e-type=\"widget\" data-settings=\"{&quot;_position&quot;:&quot;fixed&quot;}\" data-widget_type=\"icon-list.default\">\n\t\t\t\t<div class=\"elementor-widget-container\">\n\t\t\t\t\t\t\t<ul class=\"elementor-icon-list-items\">\n\t\t\t\t\t\t\t<li class=\"elementor-icon-list-item\">\n\t\t\t\t\t\t\t\t\t\t\t<a href=\"tel:\/\/661626236\">\n\n\t\t\t\t\t\t\t\t\t\t\t\t<span class=\"elementor-icon-list-icon\">\n\t\t\t\t\t\t\t<i aria-hidden=\"true\" class=\"fas fa-phone-volume\"><\/i>\t\t\t\t\t\t<\/span>\n\t\t\t\t\t\t\t\t\t\t<span class=\"elementor-icon-list-text\"><\/span>\n\t\t\t\t\t\t\t\t\t\t\t<\/a>\n\t\t\t\t\t\t\t\t\t<\/li>\n\t\t\t\t\t\t\t\t<li class=\"elementor-icon-list-item\">\n\t\t\t\t\t\t\t\t\t\t\t<a href=\"https:\/\/wa.me\/661626236?text=Hola,%20quiero%20informaci\u00f3n%20sobre%20eventos\">\n\n\t\t\t\t\t\t\t\t\t\t\t\t<span class=\"elementor-icon-list-icon\">\n\t\t\t\t\t\t\t<i aria-hidden=\"true\" class=\"fab fa-whatsapp\"><\/i>\t\t\t\t\t\t<\/span>\n\t\t\t\t\t\t\t\t\t\t<span class=\"elementor-icon-list-text\"><\/span>\n\t\t\t\t\t\t\t\t\t\t\t<\/a>\n\t\t\t\t\t\t\t\t\t<\/li>\n\t\t\t\t\t\t\t\t<li class=\"elementor-icon-list-item\">\n\t\t\t\t\t\t\t\t\t\t\t<a href=\"#volver-arriba\">\n\n\t\t\t\t\t\t\t\t\t\t\t\t<span class=\"elementor-icon-list-icon\">\n\t\t\t\t\t\t\t<i aria-hidden=\"true\" class=\"fas fa-chevron-up\"><\/i>\t\t\t\t\t\t<\/span>\n\t\t\t\t\t\t\t\t\t\t<span class=\"elementor-icon-list-text\"><\/span>\n\t\t\t\t\t\t\t\t\t\t\t<\/a>\n\t\t\t\t\t\t\t\t\t<\/li>\n\t\t\t\t\t\t<\/ul>\n\t\t\t\t\t\t<\/div>\n\t\t\t\t<\/div>\n\t\t\t\t<div class=\"elementor-element elementor-element-b1236d3 elementor-widget elementor-widget-shortcode\" data-id=\"b1236d3\" data-element_type=\"widget\" data-e-type=\"widget\" data-widget_type=\"shortcode.default\">\n\t\t\t\t<div class=\"elementor-widget-container\">\n\t\t\t\t\t\t\t<div class=\"elementor-shortcode\"><style id=\"wpforms-css-vars-1591\">\n\t\t\t\t#wpforms-1591 {\n\t\t\t\t\n\t\t\t}\n\t\t\t<\/style><div class=\"wpforms-container wpforms-container-full wpforms-render-modern\" id=\"wpforms-1591\"><form id=\"wpforms-form-1591\" class=\"wpforms-validate wpforms-form wpforms-ajax-form\" data-formid=\"1591\" method=\"post\" enctype=\"multipart\/form-data\" action=\"\/en\/wp-json\/wp\/v2\/pages\/455\" data-token=\"016b9d3c583d5bd17671faac4202172c\" data-token-time=\"1776518846\"><noscript class=\"wpforms-error-noscript\">Please enable JavaScript in your browser to complete this form.<\/noscript><div id=\"wpforms-error-noscript\" style=\"display: none;\">Please enable JavaScript in your browser to complete this form.<\/div><div class=\"wpforms-field-container\"><div id=\"wpforms-1591-field_0-container\" class=\"wpforms-field wpforms-field-name\" data-field-id=\"0\"><fieldset><legend class=\"wpforms-field-label\">Nombre <span class=\"wpforms-required-label\" aria-hidden=\"true\">*<\/span><\/legend><div class=\"wpforms-field-row wpforms-field-large\"><div class=\"wpforms-field-row-block wpforms-first wpforms-one-half\"><input type=\"text\" id=\"wpforms-1591-field_0\" class=\"wpforms-field-name-first wpforms-field-required\" name=\"wpforms[fields][0][first]\" aria-errormessage=\"wpforms-1591-field_0-error\" required><label for=\"wpforms-1591-field_0\" class=\"wpforms-field-sublabel after wpforms-sublabel-hide\">First<\/label><\/div><div class=\"wpforms-field-row-block wpforms-one-half\"><input type=\"text\" id=\"wpforms-1591-field_0-last\" class=\"wpforms-field-name-last wpforms-field-required\" name=\"wpforms[fields][0][last]\" aria-errormessage=\"wpforms-1591-field_0-last-error\" required><label for=\"wpforms-1591-field_0-last\" class=\"wpforms-field-sublabel after wpforms-sublabel-hide\">Last<\/label><\/div><\/div><\/fieldset><\/div><div id=\"wpforms-1591-field_1-container\" class=\"wpforms-field wpforms-field-email\" data-field-id=\"1\"><label class=\"wpforms-field-label\" for=\"wpforms-1591-field_1\">Correo electr\u00f3nico <span class=\"wpforms-required-label\" aria-hidden=\"true\">*<\/span><\/label><input type=\"email\" id=\"wpforms-1591-field_1\" class=\"wpforms-field-large wpforms-field-required\" name=\"wpforms[fields][1]\" spellcheck=\"false\" aria-errormessage=\"wpforms-1591-field_1-error\" required><\/div><div id=\"wpforms-1591-field_2-container\" class=\"wpforms-field wpforms-field-textarea\" data-field-id=\"2\"><label class=\"wpforms-field-label\" for=\"wpforms-1591-field_2\">Mensaje <span class=\"wpforms-required-label\" aria-hidden=\"true\">*<\/span><\/label><textarea id=\"wpforms-1591-field_2\" class=\"wpforms-field-medium wpforms-field-required\" name=\"wpforms[fields][2]\" aria-errormessage=\"wpforms-1591-field_2-error\" required><\/textarea><\/div><div id=\"wpforms-1591-field_3-container\" class=\"wpforms-field wpforms-field-checkbox\" data-field-id=\"3\"><fieldset><legend class=\"wpforms-field-label wpforms-label-hide\" aria-hidden=\"false\">Casillas de verificaci\u00f3n <span class=\"wpforms-required-label\" aria-hidden=\"true\">*<\/span><\/legend><ul id=\"wpforms-1591-field_3\" class=\"wpforms-field-required\"><li class=\"choice-1 depth-1 wpforms-selected\"><input type=\"checkbox\" id=\"wpforms-1591-field_3_1\" name=\"wpforms[fields][3][]\" value=\"He le\u00eddo y acepto la &lt;a target=&quot;_blank&quot; rel=&quot;nofollow&quot; href=&quot;https:\/\/eventoscreativosluz.com\/politica-privacidad\/&quot;&gt;Pol\u00edtica de privacidad&lt;\/a&gt;\" aria-errormessage=\"wpforms-1591-field_3_1-error\" aria-describedby=\"wpforms-1591-field_3-description\" required  checked='checked'><label class=\"wpforms-field-label-inline\" for=\"wpforms-1591-field_3_1\">He le\u00eddo y acepto la <a target=\"_blank\" rel=\"nofollow\" href=\"https:\/\/eventoscreativosluz.com\/politica-privacidad\/\">Pol\u00edtica de privacidad<\/a><\/label><\/li><\/ul><div id=\"wpforms-1591-field_3-description\" class=\"wpforms-field-description\">Responsable: Eventos Creativos Luz. Finalidad de la recogida y tratamiento de los datos personales: gestionar la solicitud que realizas en este formulario y si, finalmente eres cliente, remitirte informaci\u00f3n sobre el estado del servicio contratado y comunicaciones sobre la empresa. Legitimaci\u00f3n: consentimiento del interesado. Destinatarios: tus datos ser\u00e1n guardados en mis proveedores de email y hosting, y que tambi\u00e9n cumple con el RGPD. Derechos: Podr\u00e1s ejercer tus derechos de acceso, rectificaci\u00f3n, limitaci\u00f3n y suprimir los datos en info@eventoscreativosluz.com as\u00ed como el derecho a presentar una reclamaci\u00f3n ante una autoridad de control. Informaci\u00f3n adicional: En nuestra pol\u00edtica de privacidad , encontrar\u00e1s informaci\u00f3n adicional sobre la recopilaci\u00f3n y el uso de su informaci\u00f3n personal, incluida informaci\u00f3n sobre acceso, conservaci\u00f3n, rectificaci\u00f3n, eliminaci\u00f3n, seguridad, y otros temas.<\/div><\/fieldset><\/div><\/div><!-- .wpforms-field-container --><div class=\"wpforms-submit-container\" ><input type=\"hidden\" name=\"wpforms[id]\" value=\"1591\"><input type=\"hidden\" name=\"page_title\" value=\"\"><input type=\"hidden\" name=\"page_url\" value=\"https:\/\/eventoscreativosluz.com\/en\/wp-json\/wp\/v2\/pages\/455\"><input type=\"hidden\" name=\"url_referer\" value=\"\"><button type=\"submit\" name=\"wpforms[submit]\" id=\"wpforms-submit-1591\" class=\"wpforms-submit\" data-alt-text=\"Enviando...\" data-submit-text=\"Enviar\" aria-live=\"assertive\" value=\"wpforms-submit\">Enviar<\/button><img decoding=\"async\" src=\"https:\/\/eventoscreativosluz.com\/wp-content\/plugins\/wpforms-lite\/assets\/images\/submit-spin.svg\" class=\"wpforms-submit-spinner\" style=\"display: none;\" width=\"26\" height=\"26\" alt=\"Loading\"><\/div><\/form><\/div>  <!-- .wpforms-container --><\/div>\n\t\t\t\t\t\t<\/div>\n\t\t\t\t<\/div>\n\t\t\t\t\t<\/div>\n\t\t<\/div>\n\t\t\t\t\t<\/div>\n\t\t<\/section>\n\t\t\t\t<\/div>\n\t\t","protected":false},"excerpt":{"rendered":"<p>\u00a1BIENVENIDOS A UN D\u00cdA ABSOLUTAMENTE M\u00c1GICO! Contacta con nosotros y expl\u00edcanos qu\u00e9 quieres para ese d\u00eda tan especial. Nosotros te asesoraremos sobre todas las opciones para hacerlo realidad. \u00a1No lo dudes m\u00e1s y ll\u00e1manos o escr\u00edbenos un correo para que podamos ayudarte a vivir la fantas\u00eda! \u00a1Habla con nosotros! Tel\u00e9fono: 661 626 236 Correo: info@eventoscreativosluz.com<\/p>","protected":false},"author":7,"featured_media":0,"parent":0,"menu_order":0,"comment_status":"closed","ping_status":"closed","template":"elementor_header_footer","meta":{"footnotes":""},"class_list":["post-455","page","type-page","status-publish","hentry"],"yoast_head":"<!-- This site is optimized with the Yoast SEO plugin v27.3 - https:\/\/yoast.com\/product\/yoast-seo-wordpress\/ -->\n<title>Contacto - Eventos Creativos Luz<\/title>\n<meta name=\"robots\" content=\"index, follow, max-snippet:-1, max-image-preview:large, max-video-preview:-1\" \/>\n<link rel=\"canonical\" href=\"https:\/\/eventoscreativosluz.com\/en\/contacto-organizador-eventos-almeria\/\" \/>\n<meta property=\"og:locale\" content=\"en_US\" \/>\n<meta property=\"og:type\" content=\"article\" \/>\n<meta property=\"og:title\" content=\"Contacto - Eventos Creativos Luz\" \/>\n<meta property=\"og:description\" content=\"\u00a1BIENVENIDOS A UN D\u00cdA ABSOLUTAMENTE M\u00c1GICO! Contacta con nosotros y expl\u00edcanos qu\u00e9 quieres para ese d\u00eda tan especial. Nosotros te asesoraremos sobre todas las opciones para hacerlo realidad. \u00a1No lo dudes m\u00e1s y ll\u00e1manos o escr\u00edbenos un correo para que podamos ayudarte a vivir la fantas\u00eda! \u00a1Habla con nosotros! Tel\u00e9fono: 661 626 236 Correo: info@eventoscreativosluz.com\" \/>\n<meta property=\"og:url\" content=\"https:\/\/eventoscreativosluz.com\/en\/contacto-organizador-eventos-almeria\/\" \/>\n<meta property=\"og:site_name\" content=\"Eventos Creativos Luz\" \/>\n<meta property=\"article:modified_time\" content=\"2023-11-14T12:45:42+00:00\" \/>\n<meta name=\"twitter:card\" content=\"summary_large_image\" \/>\n<meta name=\"twitter:label1\" content=\"Est. reading time\" \/>\n\t<meta name=\"twitter:data1\" content=\"1 minute\" \/>\n<script type=\"application\/ld+json\" class=\"yoast-schema-graph\">{\"@context\":\"https:\\\/\\\/schema.org\",\"@graph\":[{\"@type\":\"WebPage\",\"@id\":\"https:\\\/\\\/eventoscreativosluz.com\\\/contacto-organizador-eventos-almeria\\\/\",\"url\":\"https:\\\/\\\/eventoscreativosluz.com\\\/contacto-organizador-eventos-almeria\\\/\",\"name\":\"Contacto - Eventos Creativos Luz\",\"isPartOf\":{\"@id\":\"https:\\\/\\\/eventoscreativosluz.com\\\/#website\"},\"datePublished\":\"2023-08-16T20:32:33+00:00\",\"dateModified\":\"2023-11-14T12:45:42+00:00\",\"breadcrumb\":{\"@id\":\"https:\\\/\\\/eventoscreativosluz.com\\\/contacto-organizador-eventos-almeria\\\/#breadcrumb\"},\"inLanguage\":\"en-US\",\"potentialAction\":[{\"@type\":\"ReadAction\",\"target\":[\"https:\\\/\\\/eventoscreativosluz.com\\\/contacto-organizador-eventos-almeria\\\/\"]}]},{\"@type\":\"BreadcrumbList\",\"@id\":\"https:\\\/\\\/eventoscreativosluz.com\\\/contacto-organizador-eventos-almeria\\\/#breadcrumb\",\"itemListElement\":[{\"@type\":\"ListItem\",\"position\":1,\"name\":\"Portada\",\"item\":\"https:\\\/\\\/eventoscreativosluz.com\\\/\"},{\"@type\":\"ListItem\",\"position\":2,\"name\":\"Contacto\"}]},{\"@type\":\"WebSite\",\"@id\":\"https:\\\/\\\/eventoscreativosluz.com\\\/#website\",\"url\":\"https:\\\/\\\/eventoscreativosluz.com\\\/\",\"name\":\"Eventos Creativos Luz\",\"description\":\"\",\"potentialAction\":[{\"@type\":\"SearchAction\",\"target\":{\"@type\":\"EntryPoint\",\"urlTemplate\":\"https:\\\/\\\/eventoscreativosluz.com\\\/?s={search_term_string}\"},\"query-input\":{\"@type\":\"PropertyValueSpecification\",\"valueRequired\":true,\"valueName\":\"search_term_string\"}}],\"inLanguage\":\"en-US\"}]}<\/script>\n<!-- \/ Yoast SEO plugin. -->","yoast_head_json":{"title":"Contacto - Eventos Creativos Luz","robots":{"index":"index","follow":"follow","max-snippet":"max-snippet:-1","max-image-preview":"max-image-preview:large","max-video-preview":"max-video-preview:-1"},"canonical":"https:\/\/eventoscreativosluz.com\/en\/contacto-organizador-eventos-almeria\/","og_locale":"en_US","og_type":"article","og_title":"Contacto - Eventos Creativos Luz","og_description":"\u00a1BIENVENIDOS A UN D\u00cdA ABSOLUTAMENTE M\u00c1GICO! Contacta con nosotros y expl\u00edcanos qu\u00e9 quieres para ese d\u00eda tan especial. Nosotros te asesoraremos sobre todas las opciones para hacerlo realidad. \u00a1No lo dudes m\u00e1s y ll\u00e1manos o escr\u00edbenos un correo para que podamos ayudarte a vivir la fantas\u00eda! \u00a1Habla con nosotros! Tel\u00e9fono: 661 626 236 Correo: info@eventoscreativosluz.com","og_url":"https:\/\/eventoscreativosluz.com\/en\/contacto-organizador-eventos-almeria\/","og_site_name":"Eventos Creativos Luz","article_modified_time":"2023-11-14T12:45:42+00:00","twitter_card":"summary_large_image","twitter_misc":{"Est. reading time":"1 minute"},"schema":{"@context":"https:\/\/schema.org","@graph":[{"@type":"WebPage","@id":"https:\/\/eventoscreativosluz.com\/contacto-organizador-eventos-almeria\/","url":"https:\/\/eventoscreativosluz.com\/contacto-organizador-eventos-almeria\/","name":"Contacto - Eventos Creativos Luz","isPartOf":{"@id":"https:\/\/eventoscreativosluz.com\/#website"},"datePublished":"2023-08-16T20:32:33+00:00","dateModified":"2023-11-14T12:45:42+00:00","breadcrumb":{"@id":"https:\/\/eventoscreativosluz.com\/contacto-organizador-eventos-almeria\/#breadcrumb"},"inLanguage":"en-US","potentialAction":[{"@type":"ReadAction","target":["https:\/\/eventoscreativosluz.com\/contacto-organizador-eventos-almeria\/"]}]},{"@type":"BreadcrumbList","@id":"https:\/\/eventoscreativosluz.com\/contacto-organizador-eventos-almeria\/#breadcrumb","itemListElement":[{"@type":"ListItem","position":1,"name":"Portada","item":"https:\/\/eventoscreativosluz.com\/"},{"@type":"ListItem","position":2,"name":"Contacto"}]},{"@type":"WebSite","@id":"https:\/\/eventoscreativosluz.com\/#website","url":"https:\/\/eventoscreativosluz.com\/","name":"Eventos Creativos Luz","description":"","potentialAction":[{"@type":"SearchAction","target":{"@type":"EntryPoint","urlTemplate":"https:\/\/eventoscreativosluz.com\/?s={search_term_string}"},"query-input":{"@type":"PropertyValueSpecification","valueRequired":true,"valueName":"search_term_string"}}],"inLanguage":"en-US"}]}},"_links":{"self":[{"href":"https:\/\/eventoscreativosluz.com\/en\/wp-json\/wp\/v2\/pages\/455","targetHints":{"allow":["GET"]}}],"collection":[{"href":"https:\/\/eventoscreativosluz.com\/en\/wp-json\/wp\/v2\/pages"}],"about":[{"href":"https:\/\/eventoscreativosluz.com\/en\/wp-json\/wp\/v2\/types\/page"}],"author":[{"embeddable":true,"href":"https:\/\/eventoscreativosluz.com\/en\/wp-json\/wp\/v2\/users\/7"}],"replies":[{"embeddable":true,"href":"https:\/\/eventoscreativosluz.com\/en\/wp-json\/wp\/v2\/comments?post=455"}],"version-history":[{"count":0,"href":"https:\/\/eventoscreativosluz.com\/en\/wp-json\/wp\/v2\/pages\/455\/revisions"}],"wp:attachment":[{"href":"https:\/\/eventoscreativosluz.com\/en\/wp-json\/wp\/v2\/media?parent=455"}],"curies":[{"name":"wp","href":"https:\/\/api.w.org\/{rel}","templated":true}]}}