{"id":18,"date":"2021-06-21T11:10:41","date_gmt":"2021-06-21T09:10:41","guid":{"rendered":"https:\/\/eventoscreativosluz.com\/?page_id=18"},"modified":"2023-10-25T18:19:32","modified_gmt":"2023-10-25T16:19:32","slug":"politica-cookies","status":"publish","type":"page","link":"http:\/\/eventoscreativosluz.com\/en\/politica-cookies\/","title":{"rendered":"Pol\u00edtica de Cookies"},"content":{"rendered":"<div data-elementor-type=\"wp-page\" data-elementor-id=\"18\" class=\"elementor elementor-18\" data-elementor-post-type=\"page\">\n\t\t\t\t\t\t<section class=\"elementor-section elementor-top-section elementor-element elementor-element-1728a0ef elementor-section-boxed elementor-section-height-default elementor-section-height-default\" data-id=\"1728a0ef\" data-element_type=\"section\" data-e-type=\"section\">\n\t\t\t\t\t\t<div class=\"elementor-container elementor-column-gap-default\">\n\t\t\t\t\t<div class=\"elementor-column elementor-col-100 elementor-top-column elementor-element elementor-element-7ba18ee0\" data-id=\"7ba18ee0\" data-element_type=\"column\" data-e-type=\"column\">\n\t\t\t<div class=\"elementor-widget-wrap elementor-element-populated\">\n\t\t\t\t\t\t<div class=\"elementor-element elementor-element-5b79dc36 elementor-widget elementor-widget-text-editor\" data-id=\"5b79dc36\" data-element_type=\"widget\" data-e-type=\"widget\" data-widget_type=\"text-editor.default\">\n\t\t\t\t<div class=\"elementor-widget-container\">\n\t\t\t\t\t\t\t\t\t\t\t\t\t\t\t\t\t<\/div>\n\t\t\t\t<\/div>\n\t\t\t\t\t<\/div>\n\t\t<\/div>\n\t\t\t\t\t<\/div>\n\t\t<\/section>\n\t\t\t\t<section class=\"elementor-section elementor-top-section elementor-element elementor-element-beba593 elementor-section-boxed elementor-section-height-default elementor-section-height-default\" data-id=\"beba593\" data-element_type=\"section\" data-e-type=\"section\">\n\t\t\t\t\t\t<div class=\"elementor-container elementor-column-gap-default\">\n\t\t\t\t\t<div class=\"elementor-column elementor-col-100 elementor-top-column elementor-element elementor-element-195479e\" data-id=\"195479e\" data-element_type=\"column\" data-e-type=\"column\">\n\t\t\t<div class=\"elementor-widget-wrap elementor-element-populated\">\n\t\t\t\t\t\t<div class=\"elementor-element elementor-element-fcba5cb elementor-widget__width-initial elementor-widget elementor-widget-text-editor\" data-id=\"fcba5cb\" data-element_type=\"widget\" data-e-type=\"widget\" data-widget_type=\"text-editor.default\">\n\t\t\t\t<div class=\"elementor-widget-container\">\n\t\t\t\t\t\t\t\t\t<h1>POL\u00cdTICA DE COOKIES<\/h1>\n<p><\/p>\n<p><strong>En esta web recopilamos y utilizamos la informaci\u00f3n seg\u00fan indicamos en nuestra pol\u00edtica de privacidad. Una de las formas en las que recopilamos informaci\u00f3n es a trav\u00e9s del uso de la tecnolog\u00eda llamada \u201ccookies\u201d. En www.eventoscreativosluz.com, utilizamos cookies para varias cosas.<\/strong><\/p>\n<p><strong>\u00bfQu\u00e9 es una cookie?<\/strong><\/p>\n<p><\/p>\n<p><strong>Una \u201ccookie\u201d es una peque\u00f1a cantidad de texto que se almacena en tu navegador <em>(p.ej. Chrome de Google o Safari de Apple)<\/em> cuando navegas por la mayor\u00eda de los sitios web.<\/strong><\/p>\n<p><strong>Aceptaci\u00f3n de cookies<\/strong><\/p>\n<p><\/p>\n<p><strong>Al acceder a este sitio web o aplicaci\u00f3n por primera vez, aparecer\u00e1 una advertencia donde se le informa de la utilizaci\u00f3n de las cookies y donde se puede consultar esta pol\u00edtica de cookies.&nbsp;<\/strong><\/p>\n<p><\/p>\n<p><strong>No se descargar\u00e1 ninguna cookie hasta que el usuario no consienta expresamente la instalaci\u00f3n de las cookies. Si el usuario consiente la utilizaci\u00f3n de cookies, se realizar\u00e1 la instalaci\u00f3n de las mismas en su equipo o dispositivo.<\/strong><\/p>\n<p><\/p>\n<p><strong>Adem\u00e1s del uso de nuestras cookies propias, permitimos a terceros establecer cookies y acceder a ellas en su dispositivo.<\/strong><\/p>\n<p><strong>\u00bfQu\u00e9 informaci\u00f3n almacena una cookie?<\/strong><\/p>\n<p><\/p>\n<p><strong>Las cookies no suelen almacenar informaci\u00f3n sensible sobre usted, como tarjetas de cr\u00e9dito o datos bancarios, fotograf\u00edas o informaci\u00f3n personal, etc. Los datos que guardan son de car\u00e1cter t\u00e9cnico, estad\u00edsticos, preferencias personales, personalizaci\u00f3n de contenidos, etc.<\/strong><\/p>\n<p><\/p>\n<p><strong>\u00bfQu\u00e9 tipo de cookies existen?<\/strong><\/p>\n<p><\/p>\n<ul>\n<li><strong>Cookies t\u00e9cnicas: Son las m\u00e1s elementales y permiten, entre otras cosas, saber cu\u00e1ndo est\u00e1 navegando un humano o una aplicaci\u00f3n automatizada, cu\u00e1ndo navega un usuario an\u00f3nimo y uno registrado, tareas b\u00e1sicas para el funcionamiento de cualquier web din\u00e1mica.<\/strong><\/li>\n<li><strong>Cookies de an\u00e1lisis: Recogen informaci\u00f3n sobre el tipo de navegaci\u00f3n que est\u00e1 realizando, las secciones que m\u00e1s utiliza, productos consultados, franja horaria de uso, idioma, etc.<\/strong><\/li>\n<li><strong>Cookies publicitarias: Muestran publicidad en funci\u00f3n de su navegaci\u00f3n, su pa\u00eds de procedencia, idioma, etc.<\/strong><\/li>\n<\/ul>\n<h2>&nbsp;<\/h2>\n<p><strong>Cookies aceptadas por la normativa y cookies exceptuadas<\/strong><\/p>\n<p><\/p>\n<p><strong>Seg\u00fan la directiva de la UE, las cookies que requieren el consentimiento informado por parte del usuario son las cookies de anal\u00edtica, y las de publicidad y afiliaci\u00f3n, quedando exceptuadas las de car\u00e1cter t\u00e9cnico y las necesarias para el funcionamiento del sitio web o la prestaci\u00f3n de servicios expresamente solicitados por el usuario.<\/strong><\/p>\n<p><\/p>\n<p><strong>\u00bfQu\u00e9 cookies utiliza esta web?<\/strong><\/p>\n<p><\/p>\n<p><strong>Esta web utiliza cookies propias y de terceros. En este sitio web se utilizan las cookies que se detallan a continuaci\u00f3n:<\/strong><\/p>\n<p><strong>COOKIES PROPIAS<\/strong><\/p>\n<p><strong>&nbsp;<\/strong><\/p>\n<p><strong>Inicio de sesi\u00f3n: Las cookies para iniciar sesi\u00f3n te permiten entrar y salir de tu cuenta de www.eventoscreativosluz.com<\/strong><\/p>\n<p><\/p>\n<p><strong>Personalizaci\u00f3n: Las cookies nos ayudan a recordar con qu\u00e9 personas o sitios web has interactuado, para que podamos mostrarte contenido relacionado.<\/strong><\/p>\n<p><\/p>\n<p><strong>Preferencias: Las cookies nos permiten recordar tus ajustes y preferencias, como el idioma preferido y tu configuraci\u00f3n de privacidad.<\/strong><\/p>\n<p><\/p>\n<p><strong>Seguridad: Utilizamos cookies para evitarte riesgos de seguridad. Principalmente para detectar cu\u00e1ndo alguien est\u00e1 intentando piratear tu cuenta de www.eventoscreativosluz.com<\/strong><\/p>\n<p><\/p>\n<p><strong>COOKIES DE TERCEROS<\/strong><\/p>\n<p><strong style=\"color: var( --e-global-color-text ); font-family: var( --e-global-typography-text-font-family ), Sans-serif; font-size: var( --e-global-typography-text-font-size ); font-style: var( --e-global-typography-text-font-style ); text-transform: var( --e-global-typography-text-text-transform ); background-color: var( --e-global-color-fe250ad );\"><em>M\u00f3dulo redes sociales&nbsp;<\/em><\/strong><\/p>\n<p><strong><em>Cookies de redes sociales<\/em><\/strong><\/p>\n<p><\/p>\n<p><strong>Las cookies de redes sociales pueden almacenarse en su navegador mientras navega por www.eventoscreativosluz.com, por ejemplo, cuando utiliza el bot\u00f3n de compartir contenidos de www.eventoscreativosluz.com&nbsp;en alguna red social.<\/strong><\/p>\n<p><\/p>\n<p><strong>A continuaci\u00f3n, tienes informaci\u00f3n sobre las cookies de las redes sociales que utiliza esta web en sus propias pol\u00edticas de cookies:<\/strong><\/p>\n<p><\/p>\n<ul>\n<li><strong>Cookies de Facebook, ver m\u00e1s informaci\u00f3n en su&nbsp;<a href=\"https:\/\/es-la.facebook.com\/help\/1896641480634370\"><em>pol\u00edtica de cookies<\/em><\/a><em><u>.<\/u><\/em><\/strong><\/li>\n<li><strong>Cookies de Instagram, ver m\u00e1s informaci\u00f3n en su <a href=\"https:\/\/help.instagram.com\/1896641480634370\"><em>pol\u00edtica de cookies<\/em><\/a>.<\/strong><\/li>\n<\/ul>\n<p><strong><em>&nbsp;<\/em><\/strong><\/p>\n<p><\/p>\n<p><\/p>\n<p><strong>\u00bfSe pueden eliminar las cookies?<\/strong><\/p>\n<p><\/p>\n<p><strong>S\u00ed, y no s\u00f3lo eliminar, tambi\u00e9n bloquear, de forma general o particular para un dominio espec\u00edfico.<\/strong><\/p>\n<p><\/p>\n<p><strong>Para eliminar las cookies de un sitio web debe ir a la configuraci\u00f3n de su navegador y all\u00ed podr\u00e1 buscar las asociadas al dominio en cuesti\u00f3n y proceder a su eliminaci\u00f3n.<\/strong><\/p>\n<p><\/p>\n<ul>\n<li><strong>Configuraci\u00f3n de cookies para <a href=\"https:\/\/policies.google.com\/technologies\/cookies?hl=es\"><em>Google Chrome<\/em><\/a><\/strong><\/li>\n<li><strong>Configuraci\u00f3n de cookies para <a href=\"https:\/\/www.apple.com\/es\/legal\/privacy\/es\/cookies\/\"><em>Apple Safari<\/em><\/a><\/strong><\/li>\n<li><strong>Configuraci\u00f3n de cookies para <a href=\"https:\/\/support.microsoft.com\/es-es\/windows\/eliminar-y-administrar-cookies-168dab11-0753-043d-7c16-ede5947fc64d\"><em>Internet Explorer<\/em><\/a><\/strong><\/li>\n<li><strong>Configuraci\u00f3n de cookies para <a href=\"https:\/\/support.mozilla.org\/es\/kb\/cookies-informacion-que-los-sitios-web-guardan-en-\"><em>Mozilla Firefox<\/em><\/a><\/strong><\/li>\n<\/ul>\n<p><strong>Aceptaci\u00f3n de cookies<\/strong><\/p>\n<p><\/p>\n<p><strong>Al acceder a este sitio web o aplicaci\u00f3n por primera vez, se mostrar\u00e1 una advertencia donde se informa de la utilizaci\u00f3n de las cookies y donde puede consultar esta pol\u00edtica de cookies. Si el usuario consiente la utilizaci\u00f3n de cookies, se realizar\u00e1 la instalaci\u00f3n de las mismas en su equipo o dispositivo.<\/strong><\/p>\n<p><\/p>\n<p><strong>Adem\u00e1s del uso de nuestras cookies propias, permitimos a terceros establecer cookies y acceder a ellas en su ordenador. El consentimiento del uso de las cookies de estas empresas est\u00e1 ligado a la navegaci\u00f3n por este sitio web.<\/strong><\/p>\n<p><\/p>\n<p><strong>M\u00e1s informaci\u00f3n sobre las cookies<\/strong><\/p>\n<p><\/p>\n<p><strong>Puedes consultar el reglamento sobre cookies publicado por la Agencia Espa\u00f1ola de Protecci\u00f3n de Datos en su <em>\u201c<\/em><a href=\"https:\/\/www.aepd.es\/sites\/default\/files\/2020-07\/guia-cookies.pdf\"><em>Gu\u00eda sobre el uso de las cookies\u201d<\/em><\/a> y &nbsp;obtener m\u00e1s informaci\u00f3n sobre las cookies en Internet, <a href=\"http:\/\/www.aboutcookies.org\/\"><em>http:\/\/www.aboutcookies.org\/<\/em><\/a><\/strong><\/p>\n<p><\/p>\n<p><strong>Si desea tener un mayor control sobre la instalaci\u00f3n de cookies, puede instalar programas o complementos a su navegador, conocidos como herramientas de <em>\u201cDo Not Track\u201d<\/em>, que le permitir\u00e1n escoger aquellas cookies que desea permitir.<\/strong><\/p>\n<p><strong>Esta pol\u00edtica de cookies ha sido actualizada por \u00faltima vez el 24\/10\/2023<\/strong><\/p>\t\t\t\t\t\t\t\t<\/div>\n\t\t\t\t<\/div>\n\t\t\t\t\t<\/div>\n\t\t<\/div>\n\t\t\t\t\t<\/div>\n\t\t<\/section>\n\t\t\t\t<\/div>","protected":false},"excerpt":{"rendered":"<p>POL\u00cdTICA DE COOKIES En esta web recopilamos y utilizamos la informaci\u00f3n seg\u00fan indicamos en nuestra pol\u00edtica de privacidad. Una de las formas en las que recopilamos informaci\u00f3n es a trav\u00e9s del uso de la tecnolog\u00eda llamada \u201ccookies\u201d. En www.eventoscreativosluz.com, utilizamos cookies para varias cosas. \u00bfQu\u00e9 es una cookie? Una \u201ccookie\u201d es una peque\u00f1a cantidad de [&hellip;]<\/p>\n","protected":false},"author":1,"featured_media":0,"parent":0,"menu_order":0,"comment_status":"closed","ping_status":"closed","template":"elementor_header_footer","meta":{"footnotes":""},"class_list":["post-18","page","type-page","status-publish","hentry"],"yoast_head":"<!-- This site is optimized with the Yoast SEO plugin v27.3 - https:\/\/yoast.com\/product\/yoast-seo-wordpress\/ -->\n<title>Pol\u00edtica de Cookies - Eventos Creativos Luz<\/title>\n<meta name=\"robots\" content=\"noindex, nofollow\" \/>\n<meta property=\"og:locale\" content=\"en_US\" \/>\n<meta property=\"og:type\" content=\"article\" \/>\n<meta property=\"og:title\" content=\"Pol\u00edtica de Cookies - Eventos Creativos Luz\" \/>\n<meta property=\"og:description\" content=\"POL\u00cdTICA DE COOKIES En esta web recopilamos y utilizamos la informaci\u00f3n seg\u00fan indicamos en nuestra pol\u00edtica de privacidad. Una de las formas en las que recopilamos informaci\u00f3n es a trav\u00e9s del uso de la tecnolog\u00eda llamada \u201ccookies\u201d. En www.eventoscreativosluz.com, utilizamos cookies para varias cosas. \u00bfQu\u00e9 es una cookie? Una \u201ccookie\u201d es una peque\u00f1a cantidad de [&hellip;]\" \/>\n<meta property=\"og:url\" content=\"https:\/\/eventoscreativosluz.com\/en\/politica-cookies\/\" \/>\n<meta property=\"og:site_name\" content=\"Eventos Creativos Luz\" \/>\n<meta property=\"article:modified_time\" content=\"2023-10-25T16:19:32+00:00\" \/>\n<meta name=\"twitter:card\" content=\"summary_large_image\" \/>\n<meta name=\"twitter:label1\" content=\"Est. reading time\" \/>\n\t<meta name=\"twitter:data1\" content=\"4 minutes\" \/>\n<script type=\"application\/ld+json\" class=\"yoast-schema-graph\">{\"@context\":\"https:\\\/\\\/schema.org\",\"@graph\":[{\"@type\":\"WebPage\",\"@id\":\"https:\\\/\\\/eventoscreativosluz.com\\\/politica-cookies\\\/\",\"url\":\"https:\\\/\\\/eventoscreativosluz.com\\\/politica-cookies\\\/\",\"name\":\"Pol\u00edtica de Cookies - Eventos Creativos Luz\",\"isPartOf\":{\"@id\":\"https:\\\/\\\/eventoscreativosluz.com\\\/#website\"},\"datePublished\":\"2021-06-21T09:10:41+00:00\",\"dateModified\":\"2023-10-25T16:19:32+00:00\",\"breadcrumb\":{\"@id\":\"https:\\\/\\\/eventoscreativosluz.com\\\/politica-cookies\\\/#breadcrumb\"},\"inLanguage\":\"en-US\",\"potentialAction\":[{\"@type\":\"ReadAction\",\"target\":[\"https:\\\/\\\/eventoscreativosluz.com\\\/politica-cookies\\\/\"]}]},{\"@type\":\"BreadcrumbList\",\"@id\":\"https:\\\/\\\/eventoscreativosluz.com\\\/politica-cookies\\\/#breadcrumb\",\"itemListElement\":[{\"@type\":\"ListItem\",\"position\":1,\"name\":\"Portada\",\"item\":\"https:\\\/\\\/eventoscreativosluz.com\\\/\"},{\"@type\":\"ListItem\",\"position\":2,\"name\":\"Pol\u00edtica de Cookies\"}]},{\"@type\":\"WebSite\",\"@id\":\"https:\\\/\\\/eventoscreativosluz.com\\\/#website\",\"url\":\"https:\\\/\\\/eventoscreativosluz.com\\\/\",\"name\":\"Eventos Creativos Luz\",\"description\":\"\",\"potentialAction\":[{\"@type\":\"SearchAction\",\"target\":{\"@type\":\"EntryPoint\",\"urlTemplate\":\"https:\\\/\\\/eventoscreativosluz.com\\\/?s={search_term_string}\"},\"query-input\":{\"@type\":\"PropertyValueSpecification\",\"valueRequired\":true,\"valueName\":\"search_term_string\"}}],\"inLanguage\":\"en-US\"}]}<\/script>\n<!-- \/ Yoast SEO plugin. -->","yoast_head_json":{"title":"Pol\u00edtica de Cookies - Eventos Creativos Luz","robots":{"index":"noindex","follow":"nofollow"},"og_locale":"en_US","og_type":"article","og_title":"Pol\u00edtica de Cookies - Eventos Creativos Luz","og_description":"POL\u00cdTICA DE COOKIES En esta web recopilamos y utilizamos la informaci\u00f3n seg\u00fan indicamos en nuestra pol\u00edtica de privacidad. Una de las formas en las que recopilamos informaci\u00f3n es a trav\u00e9s del uso de la tecnolog\u00eda llamada \u201ccookies\u201d. En www.eventoscreativosluz.com, utilizamos cookies para varias cosas. \u00bfQu\u00e9 es una cookie? Una \u201ccookie\u201d es una peque\u00f1a cantidad de [&hellip;]","og_url":"https:\/\/eventoscreativosluz.com\/en\/politica-cookies\/","og_site_name":"Eventos Creativos Luz","article_modified_time":"2023-10-25T16:19:32+00:00","twitter_card":"summary_large_image","twitter_misc":{"Est. reading time":"4 minutes"},"schema":{"@context":"https:\/\/schema.org","@graph":[{"@type":"WebPage","@id":"https:\/\/eventoscreativosluz.com\/politica-cookies\/","url":"https:\/\/eventoscreativosluz.com\/politica-cookies\/","name":"Pol\u00edtica de Cookies - Eventos Creativos Luz","isPartOf":{"@id":"https:\/\/eventoscreativosluz.com\/#website"},"datePublished":"2021-06-21T09:10:41+00:00","dateModified":"2023-10-25T16:19:32+00:00","breadcrumb":{"@id":"https:\/\/eventoscreativosluz.com\/politica-cookies\/#breadcrumb"},"inLanguage":"en-US","potentialAction":[{"@type":"ReadAction","target":["https:\/\/eventoscreativosluz.com\/politica-cookies\/"]}]},{"@type":"BreadcrumbList","@id":"https:\/\/eventoscreativosluz.com\/politica-cookies\/#breadcrumb","itemListElement":[{"@type":"ListItem","position":1,"name":"Portada","item":"https:\/\/eventoscreativosluz.com\/"},{"@type":"ListItem","position":2,"name":"Pol\u00edtica de Cookies"}]},{"@type":"WebSite","@id":"https:\/\/eventoscreativosluz.com\/#website","url":"https:\/\/eventoscreativosluz.com\/","name":"Eventos Creativos Luz","description":"","potentialAction":[{"@type":"SearchAction","target":{"@type":"EntryPoint","urlTemplate":"https:\/\/eventoscreativosluz.com\/?s={search_term_string}"},"query-input":{"@type":"PropertyValueSpecification","valueRequired":true,"valueName":"search_term_string"}}],"inLanguage":"en-US"}]}},"_links":{"self":[{"href":"http:\/\/eventoscreativosluz.com\/en\/wp-json\/wp\/v2\/pages\/18","targetHints":{"allow":["GET"]}}],"collection":[{"href":"http:\/\/eventoscreativosluz.com\/en\/wp-json\/wp\/v2\/pages"}],"about":[{"href":"http:\/\/eventoscreativosluz.com\/en\/wp-json\/wp\/v2\/types\/page"}],"author":[{"embeddable":true,"href":"http:\/\/eventoscreativosluz.com\/en\/wp-json\/wp\/v2\/users\/1"}],"replies":[{"embeddable":true,"href":"http:\/\/eventoscreativosluz.com\/en\/wp-json\/wp\/v2\/comments?post=18"}],"version-history":[{"count":0,"href":"http:\/\/eventoscreativosluz.com\/en\/wp-json\/wp\/v2\/pages\/18\/revisions"}],"wp:attachment":[{"href":"http:\/\/eventoscreativosluz.com\/en\/wp-json\/wp\/v2\/media?parent=18"}],"curies":[{"name":"wp","href":"https:\/\/api.w.org\/{rel}","templated":true}]}}