{"id":16,"date":"2021-06-21T11:10:26","date_gmt":"2021-06-21T09:10:26","guid":{"rendered":"https:\/\/eventoscreativosluz.com\/?page_id=16"},"modified":"2024-06-26T16:45:55","modified_gmt":"2024-06-26T14:45:55","slug":"aviso-legal","status":"publish","type":"page","link":"http:\/\/eventoscreativosluz.com\/en\/aviso-legal\/","title":{"rendered":"Aviso legal"},"content":{"rendered":"<div data-elementor-type=\"wp-page\" data-elementor-id=\"16\" class=\"elementor elementor-16\" data-elementor-post-type=\"page\">\n\t\t\t\t\t\t<section class=\"elementor-section elementor-top-section elementor-element elementor-element-ee347af elementor-section-boxed elementor-section-height-default elementor-section-height-default\" data-id=\"ee347af\" data-element_type=\"section\" data-e-type=\"section\">\n\t\t\t\t\t\t<div class=\"elementor-container elementor-column-gap-default\">\n\t\t\t\t\t<div class=\"elementor-column elementor-col-100 elementor-top-column elementor-element elementor-element-7ebcbb1\" data-id=\"7ebcbb1\" data-element_type=\"column\" data-e-type=\"column\">\n\t\t\t<div class=\"elementor-widget-wrap elementor-element-populated\">\n\t\t\t\t\t\t<div class=\"elementor-element elementor-element-8d1af92 elementor-widget elementor-widget-text-editor\" data-id=\"8d1af92\" data-element_type=\"widget\" data-e-type=\"widget\" data-widget_type=\"text-editor.default\">\n\t\t\t\t<div class=\"elementor-widget-container\">\n\t\t\t\t\t\t\t\t\t<h1><b><br><\/b><\/h1>\n<h1><b style=\"color: inherit; font-family: inherit; font-size: 2.5rem; font-style: var( --e-global-typography-text-font-style ); text-decoration-line: ; text-transform: var( --e-global-typography-text-text-transform ); background-color: var( --e-global-color-fe250ad );\">Aviso Legal<\/b><br><\/h1>\n<p><span style=\"font-weight: 400;\">Est\u00e1s en un espacio comprometido con los derechos de sus usuarios y por esta raz\u00f3n, tendr\u00e1s m\u00e1xima transparencia y rigor sobre todo que necesitas saber sobre esta web.<\/span><\/p>\n<p><span style=\"font-weight: 400;\">Esta web cumple rigurosamente con la Ley Org\u00e1nica 3\/2018, de 5 de diciembre, de Protecci\u00f3n de Datos Personales y garant\u00eda de los derechos digitales (LOPDGDD). Cumple tambi\u00e9n con el Reglamento (UE) 2016\/679 del Parlamento Europeo y del Consejo de 27 de abril de 2016 relativo a la protecci\u00f3n de las personas f\u00edsicas (RGPD), as\u00ed como con la Ley 34\/2002, de 11 de julio, de Servicios de la Sociedad de la Informaci\u00f3n y Comercio Electr\u00f3nico (LSSICE o LSSI).<\/span><\/p>\n<p><span style=\"font-weight: 400;\">Los servicios y\/o productos est\u00e1n disponibles s\u00f3lo para las personas jur\u00eddicas y las personas que tengan 16 a\u00f1os.<\/span><\/p>\n<h2><b>Identificador del responsable de la web<\/b><\/h2>\n<p><b>Denominaci\u00f3n social: Eventos Creativos Luz<\/b><\/p>\n<p><b>NIF: 75266313-D<\/b><\/p>\n<p><b>Correo electr\u00f3nico: info@eventoscreativosluz.com<\/b><\/p>\n<p><b>Domicilio social: C\/Alcudia de Moteagud S\/N<\/b><\/p>\n<p><b>Su actividad social es: Organizaci\u00f3n de eventos; Cantantes<\/b><\/p>\n<h2><b>\u00bfTe preocupan tus datos personales?<\/b><\/h2>\n<p><span style=\"font-weight: 400;\">Lee la Pol\u00edtica de Privacidad. <\/span><a href=\"https:\/\/eventoscreativosluz.com\/en\/politica-privacidad\/\"><span style=\"font-weight: 400;\">https:\/\/eventoscreativosluz.com\/politica-privacidad\/<\/span><\/a><\/p>\n<h2><b>Compromisos y obligaciones de los usuarios<\/b><\/h2>\n<p><span style=\"font-weight: 400;\">El usuario queda informado, y acepta, que el acceso a la presente web no supone, en modo alguno, el inicio de una relaci\u00f3n comercial con Eventos Creativos Luz. De esta forma, el usuario se compromete a utilizar el sitio web, sus servicios y contenidos sin contravenir la legislaci\u00f3n vigente, la buena fe y el orden p\u00fablico.<\/span><\/p>\n<p><span style=\"font-weight: 400;\">Queda prohibido el uso de la web, con fines il\u00edcitos o lesivos, o que, de cualquier forma, puedan causar perjuicio o impedir el normal funcionamiento del sitio web. Respecto de los contenidos de esta web, se proh\u00edbe:<\/span><\/p>\n<p><span style=\"font-weight: 400;\">&nbsp;&nbsp;&nbsp;&nbsp;&nbsp;&nbsp;&nbsp;&nbsp;&nbsp;&nbsp;&nbsp;&nbsp;&nbsp;&nbsp;&nbsp;&nbsp;&nbsp;&nbsp;<\/span><span style=\"font-weight: 400;\">Su reproducci\u00f3n, distribuci\u00f3n o modificaci\u00f3n, total o parcial, a menos que se cuente con mi autorizaci\u00f3n como leg\u00edtimo titular.<\/span><\/p>\n<p><span style=\"font-weight: 400;\">&nbsp;&nbsp;&nbsp;&nbsp;&nbsp;&nbsp;&nbsp;&nbsp;&nbsp;&nbsp;&nbsp;&nbsp;&nbsp;&nbsp;&nbsp;&nbsp;&nbsp;&nbsp;<\/span><span style=\"font-weight: 400;\">Cualquier vulneraci\u00f3n de los derechos del prestador o de mi como leg\u00edtimo titular.<\/span><\/p>\n<p><span style=\"font-weight: 400;\">&nbsp;&nbsp;&nbsp;&nbsp;&nbsp;&nbsp;&nbsp;&nbsp;&nbsp;&nbsp;&nbsp;&nbsp;&nbsp;&nbsp;&nbsp;&nbsp;&nbsp;&nbsp;<\/span><span style=\"font-weight: 400;\">Su utilizaci\u00f3n para fines comerciales o publicitarios.<\/span><\/p>\n<p><span style=\"font-weight: 400;\">En la utilizaci\u00f3n de la web www.eventoscreativosluz.com el usuario se compromete a no llevar a cabo ninguna conducta que pudiera da\u00f1ar la imagen, los intereses y los derechos de Eventos Creativos Luz o de terceros, o que pudiera da\u00f1ar, inutilizar o sobrecargar el portal www.eventoscreativosluz.com, o que impidiera, de cualquier forma, la normal utilizaci\u00f3n de la web.<\/span><\/p>\n<p><span style=\"font-weight: 400;\">No obstante, el usuario debe ser consciente de que las medidas de seguridad de los sistemas inform\u00e1ticos en Internet no son enteramente fiables y que, por tanto, www.eventoscreativosluz.com no puede garantizar la inexistencia de malware u otros elementos que puedan producir alteraciones en los sistemas inform\u00e1ticos (software y hardware) del usuario o en sus documentos electr\u00f3nicos y ficheros contenidos en los mismos, aunque pongo todos los medios necesarios y las medidas de seguridad oportunas para evitar la presencia de estos elementos da\u00f1inos.<\/span><\/p>\n<h2><b>Medidas de seguridad<\/b><\/h2>\n<p><span style=\"font-weight: 400;\">Los datos personales comunicados por el usuario a Eventos Creativos Luz pueden ser almacenados en bases de datos automatizadas o no, cuya titularidad corresponde en exclusiva a Eventos Creativos Luz, asumiendo \u00e9sta todas las medidas de \u00edndole t\u00e9cnica, organizativa y de seguridad que garantizan la confidencialidad, integridad y calidad de la informaci\u00f3n contenida en las mismas de acuerdo con lo establecido en la normativa vigente en protecci\u00f3n de datos.<\/span><\/p>\n<p><span style=\"font-weight: 400;\">La comunicaci\u00f3n entre los usuarios y www.eventoscreativosluz.com utiliza un canal seguro, y los datos transmitidos son cifrados gracias al protocolo https, por tanto, dispongo las mejores condiciones de seguridad para que la confidencialidad de los usuarios est\u00e9 garantizada.<\/span><\/p>\n<h2><b>Plataforma de resoluci\u00f3n de conflictos<\/b><\/h2>\n<p><span style=\"font-weight: 400;\">Pongo tambi\u00e9n a disposici\u00f3n de los usuarios la plataforma de resoluci\u00f3n de litigios que facilita la Comisi\u00f3n Europea y que se encuentra disponible en el siguiente enlace:<\/span><a href=\"http:\/\/ec.europa.eu\/consumers\/odr\/\"> <span style=\"font-weight: 400;\">http:\/\/ec.europa.eu\/consumers\/odr\/<\/span><\/a><\/p>\n<p><\/p>\n<h2><b>Exclusi\u00f3n de garant\u00edas y responsable<\/b><\/h2>\n<p><span style=\"font-weight: 400;\">Eventos Creativos Luz no otorga ninguna garant\u00eda ni se hace responsable, en ning\u00fan caso, de los da\u00f1os y perjuicios de cualquier naturaleza que pudieran traer causa de:<\/span><\/p>\n<p><span style=\"font-weight: 400;\">&nbsp;&nbsp;&nbsp;&nbsp;&nbsp;&nbsp;&nbsp;&nbsp;&nbsp;&nbsp;&nbsp;&nbsp;&nbsp;&nbsp;&nbsp;&nbsp;&nbsp;&nbsp;<\/span><span style=\"font-weight: 400;\">La falta de disponibilidad, mantenimiento y efectivo funcionamiento de la web, o de sus servicios y contenidos.<\/span><\/p>\n<p><span style=\"font-weight: 400;\">&nbsp;&nbsp;&nbsp;&nbsp;&nbsp;&nbsp;&nbsp;&nbsp;&nbsp;&nbsp;&nbsp;&nbsp;&nbsp;&nbsp;&nbsp;&nbsp;&nbsp;&nbsp;<\/span><span style=\"font-weight: 400;\">La existencia de malware, programas maliciosos o lesivos en los contenidos.<\/span><\/p>\n<p><span style=\"font-weight: 400;\">&nbsp;&nbsp;&nbsp;&nbsp;&nbsp;&nbsp;&nbsp;&nbsp;&nbsp;&nbsp;&nbsp;&nbsp;&nbsp;&nbsp;&nbsp;&nbsp;&nbsp;&nbsp;<\/span><span style=\"font-weight: 400;\">El uso il\u00edcito, negligente, fraudulento o contrario a este Aviso Legal.<\/span><\/p>\n<p><span style=\"font-weight: 400;\">&nbsp;&nbsp;&nbsp;&nbsp;&nbsp;&nbsp;&nbsp;&nbsp;&nbsp;&nbsp;&nbsp;&nbsp;&nbsp;&nbsp;&nbsp;&nbsp;&nbsp;&nbsp;<\/span><span style=\"font-weight: 400;\">La falta de licitud, calidad, fiabilidad, utilidad y disponibilidad de los servicios prestados por terceros y puestos a disposici\u00f3n de los usuarios en el sitio web.<\/span><\/p>\n<p><span style=\"font-weight: 400;\">&nbsp;&nbsp;&nbsp;&nbsp;&nbsp;&nbsp;&nbsp;&nbsp;&nbsp;&nbsp;&nbsp;&nbsp;&nbsp;&nbsp;&nbsp;&nbsp;&nbsp;&nbsp;<\/span><span style=\"font-weight: 400;\">El prestador no se hace responsable bajo ning\u00fan concepto de los da\u00f1os que pudieran dimanar del uso ilegal o indebido de la presente p\u00e1gina web.<\/span><\/p>\n<h2><b>Ley aplicable y jurisdicci\u00f3n<\/b><\/h2>\n<p><span style=\"font-weight: 400;\">Con car\u00e1cter general las relaciones entre <\/span><span style=\"font-weight: 400;\">Eventos Creativos Luz<\/span><span style=\"font-weight: 400;\"> y los usuarios de sus servicios telem\u00e1ticos presentes en esta web, se encuentran sometidas a la legislaci\u00f3n y jurisdicci\u00f3n espa\u00f1olas y a los tribunales de Almer\u00eda.<\/span><\/p>\n<p><span style=\"font-weight: 400;\">En caso de que cualquier usuario tuviese alguna duda acerca de las condiciones de este Aviso Legal o cualquier comentario sobre el portal <\/span><span style=\"font-weight: 400;\">www.eventoscreativosluz.com<\/span><span style=\"font-weight: 400;\">, por favor dir\u00edjase a info@eventoscreativosluz.com<\/span><\/p>\n<p><span style=\"font-weight: 400;\">El Aviso Legal ha sido actualizado por \u00faltima vez el 25\/09\/2023<\/span><\/p>\t\t\t\t\t\t\t\t<\/div>\n\t\t\t\t<\/div>\n\t\t\t\t\t<\/div>\n\t\t<\/div>\n\t\t\t\t\t<\/div>\n\t\t<\/section>\n\t\t\t\t<\/div>","protected":false},"excerpt":{"rendered":"<p>Aviso Legal Est\u00e1s en un espacio comprometido con los derechos de sus usuarios y por esta raz\u00f3n, tendr\u00e1s m\u00e1xima transparencia y rigor sobre todo que necesitas saber sobre esta web. Esta web cumple rigurosamente con la Ley Org\u00e1nica 3\/2018, de 5 de diciembre, de Protecci\u00f3n de Datos Personales y garant\u00eda de los derechos digitales (LOPDGDD). [&hellip;]<\/p>\n","protected":false},"author":2,"featured_media":0,"parent":0,"menu_order":0,"comment_status":"closed","ping_status":"closed","template":"elementor_header_footer","meta":{"footnotes":""},"class_list":["post-16","page","type-page","status-publish","hentry"],"yoast_head":"<!-- This site is optimized with the Yoast SEO plugin v27.3 - https:\/\/yoast.com\/product\/yoast-seo-wordpress\/ -->\n<title>Aviso legal - Eventos Creativos Luz<\/title>\n<meta name=\"robots\" content=\"noindex, nofollow\" \/>\n<meta property=\"og:locale\" content=\"en_US\" \/>\n<meta property=\"og:type\" content=\"article\" \/>\n<meta property=\"og:title\" content=\"Aviso legal - Eventos Creativos Luz\" \/>\n<meta property=\"og:description\" content=\"Aviso Legal Est\u00e1s en un espacio comprometido con los derechos de sus usuarios y por esta raz\u00f3n, tendr\u00e1s m\u00e1xima transparencia y rigor sobre todo que necesitas saber sobre esta web. Esta web cumple rigurosamente con la Ley Org\u00e1nica 3\/2018, de 5 de diciembre, de Protecci\u00f3n de Datos Personales y garant\u00eda de los derechos digitales (LOPDGDD). [&hellip;]\" \/>\n<meta property=\"og:url\" content=\"https:\/\/eventoscreativosluz.com\/en\/aviso-legal\/\" \/>\n<meta property=\"og:site_name\" content=\"Eventos Creativos Luz\" \/>\n<meta property=\"article:modified_time\" content=\"2024-06-26T14:45:55+00:00\" \/>\n<meta name=\"twitter:card\" content=\"summary_large_image\" \/>\n<meta name=\"twitter:label1\" content=\"Est. reading time\" \/>\n\t<meta name=\"twitter:data1\" content=\"4 minutes\" \/>\n<script type=\"application\/ld+json\" class=\"yoast-schema-graph\">{\"@context\":\"https:\\\/\\\/schema.org\",\"@graph\":[{\"@type\":\"WebPage\",\"@id\":\"https:\\\/\\\/eventoscreativosluz.com\\\/aviso-legal\\\/\",\"url\":\"https:\\\/\\\/eventoscreativosluz.com\\\/aviso-legal\\\/\",\"name\":\"Aviso legal - Eventos Creativos Luz\",\"isPartOf\":{\"@id\":\"https:\\\/\\\/eventoscreativosluz.com\\\/#website\"},\"datePublished\":\"2021-06-21T09:10:26+00:00\",\"dateModified\":\"2024-06-26T14:45:55+00:00\",\"breadcrumb\":{\"@id\":\"https:\\\/\\\/eventoscreativosluz.com\\\/aviso-legal\\\/#breadcrumb\"},\"inLanguage\":\"en-US\",\"potentialAction\":[{\"@type\":\"ReadAction\",\"target\":[\"https:\\\/\\\/eventoscreativosluz.com\\\/aviso-legal\\\/\"]}]},{\"@type\":\"BreadcrumbList\",\"@id\":\"https:\\\/\\\/eventoscreativosluz.com\\\/aviso-legal\\\/#breadcrumb\",\"itemListElement\":[{\"@type\":\"ListItem\",\"position\":1,\"name\":\"Portada\",\"item\":\"https:\\\/\\\/eventoscreativosluz.com\\\/\"},{\"@type\":\"ListItem\",\"position\":2,\"name\":\"Aviso legal\"}]},{\"@type\":\"WebSite\",\"@id\":\"https:\\\/\\\/eventoscreativosluz.com\\\/#website\",\"url\":\"https:\\\/\\\/eventoscreativosluz.com\\\/\",\"name\":\"Eventos Creativos Luz\",\"description\":\"\",\"potentialAction\":[{\"@type\":\"SearchAction\",\"target\":{\"@type\":\"EntryPoint\",\"urlTemplate\":\"https:\\\/\\\/eventoscreativosluz.com\\\/?s={search_term_string}\"},\"query-input\":{\"@type\":\"PropertyValueSpecification\",\"valueRequired\":true,\"valueName\":\"search_term_string\"}}],\"inLanguage\":\"en-US\"}]}<\/script>\n<!-- \/ Yoast SEO plugin. -->","yoast_head_json":{"title":"Aviso legal - Eventos Creativos Luz","robots":{"index":"noindex","follow":"nofollow"},"og_locale":"en_US","og_type":"article","og_title":"Aviso legal - Eventos Creativos Luz","og_description":"Aviso Legal Est\u00e1s en un espacio comprometido con los derechos de sus usuarios y por esta raz\u00f3n, tendr\u00e1s m\u00e1xima transparencia y rigor sobre todo que necesitas saber sobre esta web. Esta web cumple rigurosamente con la Ley Org\u00e1nica 3\/2018, de 5 de diciembre, de Protecci\u00f3n de Datos Personales y garant\u00eda de los derechos digitales (LOPDGDD). [&hellip;]","og_url":"https:\/\/eventoscreativosluz.com\/en\/aviso-legal\/","og_site_name":"Eventos Creativos Luz","article_modified_time":"2024-06-26T14:45:55+00:00","twitter_card":"summary_large_image","twitter_misc":{"Est. reading time":"4 minutes"},"schema":{"@context":"https:\/\/schema.org","@graph":[{"@type":"WebPage","@id":"https:\/\/eventoscreativosluz.com\/aviso-legal\/","url":"https:\/\/eventoscreativosluz.com\/aviso-legal\/","name":"Aviso legal - Eventos Creativos Luz","isPartOf":{"@id":"https:\/\/eventoscreativosluz.com\/#website"},"datePublished":"2021-06-21T09:10:26+00:00","dateModified":"2024-06-26T14:45:55+00:00","breadcrumb":{"@id":"https:\/\/eventoscreativosluz.com\/aviso-legal\/#breadcrumb"},"inLanguage":"en-US","potentialAction":[{"@type":"ReadAction","target":["https:\/\/eventoscreativosluz.com\/aviso-legal\/"]}]},{"@type":"BreadcrumbList","@id":"https:\/\/eventoscreativosluz.com\/aviso-legal\/#breadcrumb","itemListElement":[{"@type":"ListItem","position":1,"name":"Portada","item":"https:\/\/eventoscreativosluz.com\/"},{"@type":"ListItem","position":2,"name":"Aviso legal"}]},{"@type":"WebSite","@id":"https:\/\/eventoscreativosluz.com\/#website","url":"https:\/\/eventoscreativosluz.com\/","name":"Eventos Creativos Luz","description":"","potentialAction":[{"@type":"SearchAction","target":{"@type":"EntryPoint","urlTemplate":"https:\/\/eventoscreativosluz.com\/?s={search_term_string}"},"query-input":{"@type":"PropertyValueSpecification","valueRequired":true,"valueName":"search_term_string"}}],"inLanguage":"en-US"}]}},"_links":{"self":[{"href":"http:\/\/eventoscreativosluz.com\/en\/wp-json\/wp\/v2\/pages\/16","targetHints":{"allow":["GET"]}}],"collection":[{"href":"http:\/\/eventoscreativosluz.com\/en\/wp-json\/wp\/v2\/pages"}],"about":[{"href":"http:\/\/eventoscreativosluz.com\/en\/wp-json\/wp\/v2\/types\/page"}],"author":[{"embeddable":true,"href":"http:\/\/eventoscreativosluz.com\/en\/wp-json\/wp\/v2\/users\/2"}],"replies":[{"embeddable":true,"href":"http:\/\/eventoscreativosluz.com\/en\/wp-json\/wp\/v2\/comments?post=16"}],"version-history":[{"count":3,"href":"http:\/\/eventoscreativosluz.com\/en\/wp-json\/wp\/v2\/pages\/16\/revisions"}],"predecessor-version":[{"id":1743,"href":"http:\/\/eventoscreativosluz.com\/en\/wp-json\/wp\/v2\/pages\/16\/revisions\/1743"}],"wp:attachment":[{"href":"http:\/\/eventoscreativosluz.com\/en\/wp-json\/wp\/v2\/media?parent=16"}],"curies":[{"name":"wp","href":"https:\/\/api.w.org\/{rel}","templated":true}]}}